{"id":105,"date":"2018-08-28T11:52:01","date_gmt":"2018-08-28T11:52:01","guid":{"rendered":"http:\/\/masterplast.fps2.hu\/?page_id=105"},"modified":"2019-02-04T12:30:46","modified_gmt":"2019-02-04T12:30:46","slug":"termekek-es-uzleti-szolgaltatasok","status":"publish","type":"page","link":"https:\/\/masterplastsrlro-legacy.fps2.hu\/hu\/termekek-es-uzleti-szolgaltatasok\/","title":{"rendered":"Term\u00e9kek \u00e9s \u00fczleti szolg\u00e1ltat\u00e1sok"},"content":{"rendered":"<p>\u00c1lland\u00f3 min\u0151s\u00e9g\u0171 term\u00e9keinket, teljes k\u00f6r\u0171, komplex szolg\u00e1ltat\u00e1scsomaggal k\u00edn\u00e1ljuk partnereink sz\u00e1m\u00e1ra. Saj\u00e1t gy\u00e1rt\u00f3i h\u00e1tt\u00e9r \u00e9s olyan kapcsolt szolg\u00e1ltat\u00e1sok jellemzik tev\u00e9kenys\u00e9g\u00fcnket, mint a professzion\u00e1lis logisztikai megold\u00e1sok, a folyamatos min\u0151s\u00e9gellen\u0151rz\u00e9s, a szakmai h\u00e1tt\u00e9rt\u00e1mogat\u00e1s, \u00e9s a szem\u00e9lyre szabott \u00e9rt\u00e9kes\u00edt\u00e9si rendszer.<\/p>\n","protected":false},"excerpt":{"rendered":"<p>\u00c1lland\u00f3 min\u0151s\u00e9g\u0171 term\u00e9keinket, teljes k\u00f6r\u0171, komplex szolg\u00e1ltat\u00e1scsomaggal k\u00edn\u00e1ljuk partnereink sz\u00e1m\u00e1ra. Saj\u00e1t gy\u00e1rt\u00f3i h\u00e1tt\u00e9r \u00e9s olyan kapcsolt szolg\u00e1ltat\u00e1sok jellemzik tev\u00e9kenys\u00e9g\u00fcnket, mint a professzion\u00e1lis logisztikai megold\u00e1sok, a folyamatos min\u0151s\u00e9gellen\u0151rz\u00e9s, a szakmai h\u00e1tt\u00e9rt\u00e1mogat\u00e1s, \u00e9s a szem\u00e9lyre szabott \u00e9rt\u00e9kes\u00edt\u00e9si rendszer.<\/p>\n","protected":false},"author":1,"featured_media":3194,"parent":0,"menu_order":0,"comment_status":"closed","ping_status":"closed","template":"template-product-category-list.php","meta":[],"yoast_head":"<!-- This site is optimized with the Yoast SEO plugin v16.4 - https:\/\/yoast.com\/wordpress\/plugins\/seo\/ -->\n<title>Term\u00e9kek \u00e9s \u00fczleti szolg\u00e1ltat\u00e1sok - Masterplast<\/title>\n<meta name=\"robots\" content=\"index, follow, max-snippet:-1, max-image-preview:large, max-video-preview:-1\" \/>\n<link rel=\"canonical\" href=\"https:\/\/masterplastsrlro-legacy.fps2.hu\/hu\/termekek-es-uzleti-szolgaltatasok\/\" \/>\n<meta property=\"og:locale\" content=\"hu_HU\" \/>\n<meta property=\"og:type\" content=\"article\" \/>\n<meta property=\"og:title\" content=\"Term\u00e9kek \u00e9s \u00fczleti szolg\u00e1ltat\u00e1sok - Masterplast\" \/>\n<meta property=\"og:description\" content=\"\u00c1lland\u00f3 min\u0151s\u00e9g\u0171 term\u00e9keinket, teljes k\u00f6r\u0171, komplex szolg\u00e1ltat\u00e1scsomaggal k\u00edn\u00e1ljuk partnereink sz\u00e1m\u00e1ra. Saj\u00e1t gy\u00e1rt\u00f3i h\u00e1tt\u00e9r \u00e9s olyan kapcsolt szolg\u00e1ltat\u00e1sok jellemzik tev\u00e9kenys\u00e9g\u00fcnket, mint a professzion\u00e1lis logisztikai megold\u00e1sok, a folyamatos min\u0151s\u00e9gellen\u0151rz\u00e9s, a szakmai h\u00e1tt\u00e9rt\u00e1mogat\u00e1s, \u00e9s a szem\u00e9lyre szabott \u00e9rt\u00e9kes\u00edt\u00e9si rendszer.\" \/>\n<meta property=\"og:url\" content=\"https:\/\/masterplastsrlro-legacy.fps2.hu\/hu\/termekek-es-uzleti-szolgaltatasok\/\" \/>\n<meta property=\"og:site_name\" content=\"Masterplast\" \/>\n<meta property=\"article:modified_time\" content=\"2019-02-04T12:30:46+00:00\" \/>\n<meta property=\"og:image\" content=\"https:\/\/www.masterplastsrl.ro\/wp-content\/uploads\/2019\/01\/termekek-head-2200x1400.jpg\" \/>\n\t<meta property=\"og:image:width\" content=\"2200\" \/>\n\t<meta property=\"og:image:height\" content=\"1400\" \/>\n<meta name=\"twitter:card\" content=\"summary_large_image\" \/>\n<script type=\"application\/ld+json\" class=\"yoast-schema-graph\">{\"@context\":\"https:\/\/schema.org\",\"@graph\":[{\"@type\":\"WebSite\",\"@id\":\"https:\/\/masterplastsrlro-legacy.fps2.hu\/#website\",\"url\":\"https:\/\/masterplastsrlro-legacy.fps2.hu\/\",\"name\":\"Masterplast\",\"description\":\"\\u00dczleti szolg\\u00e1ltat\\u00f3 partner a szigetel\\u00e9si megold\\u00e1sokban\",\"potentialAction\":[{\"@type\":\"SearchAction\",\"target\":\"https:\/\/masterplastsrlro-legacy.fps2.hu\/?s={search_term_string}\",\"query-input\":\"required name=search_term_string\"}],\"inLanguage\":\"hu\"},{\"@type\":\"ImageObject\",\"@id\":\"https:\/\/masterplastsrlro-legacy.fps2.hu\/hu\/termekek-es-uzleti-szolgaltatasok\/#primaryimage\",\"inLanguage\":\"hu\",\"url\":\"https:\/\/masterplastsrlro-legacy.fps2.hu\/wp-content\/uploads\/2019\/01\/termekek-head-2200x1400.jpg\",\"contentUrl\":\"https:\/\/masterplastsrlro-legacy.fps2.hu\/wp-content\/uploads\/2019\/01\/termekek-head-2200x1400.jpg\",\"width\":2200,\"height\":1400},{\"@type\":\"WebPage\",\"@id\":\"https:\/\/masterplastsrlro-legacy.fps2.hu\/hu\/termekek-es-uzleti-szolgaltatasok\/#webpage\",\"url\":\"https:\/\/masterplastsrlro-legacy.fps2.hu\/hu\/termekek-es-uzleti-szolgaltatasok\/\",\"name\":\"Term\\u00e9kek \\u00e9s \\u00fczleti szolg\\u00e1ltat\\u00e1sok - Masterplast\",\"isPartOf\":{\"@id\":\"https:\/\/masterplastsrlro-legacy.fps2.hu\/#website\"},\"primaryImageOfPage\":{\"@id\":\"https:\/\/masterplastsrlro-legacy.fps2.hu\/hu\/termekek-es-uzleti-szolgaltatasok\/#primaryimage\"},\"datePublished\":\"2018-08-28T11:52:01+00:00\",\"dateModified\":\"2019-02-04T12:30:46+00:00\",\"breadcrumb\":{\"@id\":\"https:\/\/masterplastsrlro-legacy.fps2.hu\/hu\/termekek-es-uzleti-szolgaltatasok\/#breadcrumb\"},\"inLanguage\":\"hu\",\"potentialAction\":[{\"@type\":\"ReadAction\",\"target\":[\"https:\/\/masterplastsrlro-legacy.fps2.hu\/hu\/termekek-es-uzleti-szolgaltatasok\/\"]}]},{\"@type\":\"BreadcrumbList\",\"@id\":\"https:\/\/masterplastsrlro-legacy.fps2.hu\/hu\/termekek-es-uzleti-szolgaltatasok\/#breadcrumb\",\"itemListElement\":[{\"@type\":\"ListItem\",\"position\":1,\"item\":{\"@type\":\"WebPage\",\"@id\":\"https:\/\/masterplastsrlro-legacy.fps2.hu\/hu\/\",\"url\":\"https:\/\/masterplastsrlro-legacy.fps2.hu\/hu\/\",\"name\":\"Home\"}},{\"@type\":\"ListItem\",\"position\":2,\"item\":{\"@id\":\"https:\/\/masterplastsrlro-legacy.fps2.hu\/hu\/termekek-es-uzleti-szolgaltatasok\/#webpage\"}}]}]}<\/script>\n<!-- \/ Yoast SEO plugin. -->","_links":{"self":[{"href":"https:\/\/masterplastsrlro-legacy.fps2.hu\/hu\/wp-json\/wp\/v2\/pages\/105"}],"collection":[{"href":"https:\/\/masterplastsrlro-legacy.fps2.hu\/hu\/wp-json\/wp\/v2\/pages"}],"about":[{"href":"https:\/\/masterplastsrlro-legacy.fps2.hu\/hu\/wp-json\/wp\/v2\/types\/page"}],"author":[{"embeddable":true,"href":"https:\/\/masterplastsrlro-legacy.fps2.hu\/hu\/wp-json\/wp\/v2\/users\/1"}],"replies":[{"embeddable":true,"href":"https:\/\/masterplastsrlro-legacy.fps2.hu\/hu\/wp-json\/wp\/v2\/comments?post=105"}],"version-history":[{"count":1,"href":"https:\/\/masterplastsrlro-legacy.fps2.hu\/hu\/wp-json\/wp\/v2\/pages\/105\/revisions"}],"predecessor-version":[{"id":2757,"href":"https:\/\/masterplastsrlro-legacy.fps2.hu\/hu\/wp-json\/wp\/v2\/pages\/105\/revisions\/2757"}],"wp:featuredmedia":[{"embeddable":true,"href":"https:\/\/masterplastsrlro-legacy.fps2.hu\/hu\/wp-json\/wp\/v2\/media\/3194"}],"wp:attachment":[{"href":"https:\/\/masterplastsrlro-legacy.fps2.hu\/hu\/wp-json\/wp\/v2\/media?parent=105"}],"curies":[{"name":"wp","href":"https:\/\/api.w.org\/{rel}","templated":true}]}}