{"id":1170,"date":"2018-11-29T13:23:07","date_gmt":"2018-11-29T13:23:07","guid":{"rendered":"https:\/\/stage.masterplast.hu\/?page_id=1170"},"modified":"2019-02-18T13:14:07","modified_gmt":"2019-02-18T13:14:07","slug":"hr-portal","status":"publish","type":"page","link":"https:\/\/masterplastsrlro-legacy.fps2.hu\/hu\/hr-portal\/","title":{"rendered":"Karrier"},"content":{"rendered":"\n<div class=\"wp-block-masterplast-left-title-right-content row static-content\"><div class=\"col-12 col-md-4 col-lg-3 offset-lg-1\"><h2 class=\"is-outline\">Masterplast karrier<\/h2><\/div><div class=\"col-12 col-md-8 col-lg-7\"><p><br\/>Mi a Masterplast csoportn\u00e1l nemcsak term\u00e9ket \u00e9rt\u00e9kes\u00edt\u00fcnk, hanem olyan komplex szolg\u00e1ltat\u00e1si rendszert ny\u00fajtunk, ami vev\u0151inknek is \u00e9rt\u00e9k, ami a v\u00e1llalkoz\u00e1sukat sikeresebb\u00e9 teszi. Olyan fiatalos, a min\u0151s\u00e9gi szolg\u00e1ltat\u00e1s fel\u00e9 elk\u00f6telezett csapathoz csatlakozhatsz, ami stabil, szakmai h\u00e1tter\u00e9vel akt\u00edv r\u00e9szese a nemzetk\u00f6zi c\u00e9gcsoportunk folyamatos n\u00f6veked\u00e9s\u00e9nek. Arra a Benned rejl\u0151 dinamikus er\u0151re van sz\u00fcks\u00e9g\u00fcnk, amely el\u0151mozd\u00edtja, hogy Masterplast csoport eur\u00f3pia szigetel\u0151anyag piac meghat\u00e1roz\u00f3 szerepl\u0151j\u00e9v\u00e9 v\u00e1ljon.<br\/><\/p><\/div><\/div>\n\n\n\n<div class=\"wp-block-masterplast-left-title-right-content row static-content\"><div class=\"col-12 col-md-4 col-lg-3 offset-lg-1\"><h2 class=\"is-outline\">Egy magyar sikert\u00f6rt\u00e9net<\/h2><\/div><div class=\"col-12 col-md-8 col-lg-7\"><p>C\u00e9g\u00fcnk 21 \u00e9ves fenn\u00e1ll\u00e1sa alatt \u00f6tf\u0151s v\u00e1llalkoz\u00e1sb\u00f3l, nemzetk\u00f6zi szinten mintegy 930 f\u0151t foglalkoztat\u00f3 v\u00e1llalatcsoportt\u00e1 n\u0151tte ki mag\u00e1t. Eredm\u00e9nyeink el\u00e9r\u00e9s\u00e9ben \u2013 megalakul\u00e1sunk \u00f3ta \u2013 kompetens, felk\u00e9sz\u00fclt vezet\u0151ink \u00e1ltal ir\u00e1ny\u00edtott \u00e9s t\u00e1mogatott csapatunk egym\u00e1st seg\u00edtve, tartalmas emberi kapcsolatokat fenntartva dolgozik a k\u00f6z\u00f6s sikerek el\u00e9r\u00e9s\u00e9\u00e9rt.<br\/><br\/>A dinamikus fejl\u0151d\u00e9s \u00f6nmag\u00e1ban is, \u00e9s folyamatosan \u00fajabb \u00e9s \u00fajabb kih\u00edv\u00e1sok el\u00e9 \u00e1ll\u00edtja munkat\u00e1rsainkat, akiknek r\u00e1termetts\u00e9g\u00e9t mi sem bizony\u00edtja jobban, mint hogy kell\u0151 lelkesed\u00e9ssel, proaktivit\u00e1ssal \u00e9s dinamizmussal, eredm\u00e9nyesen veszik az akad\u00e1lyokat.<br\/><br\/>Csapatunkba tov\u00e1bbra is v\u00e1rjuk hasonl\u00f3an nyitott, tulajdonosi szeml\u00e9lettel rendelkez\u0151, tenni \u2013 \u00e9s bizony\u00edtani akar\u00f3, kitart\u00f3 emberek jelentkez\u00e9s\u00e9t, akik maguk\u00e9nak \u00e9rzik a v\u00e1llalat \u00e1ltal vallott \u00e9s k\u00e9pviselt \u00e9rt\u00e9keket. Eg\u00e9sz \u00e9vben v\u00e1rjuk p\u00e1lyakezd\u0151k \u00e9s m\u00e1r szakmai tapasztalattal rendelkez\u0151 jel\u00f6ltek jelentkez\u00e9s\u00e9t, melyek \u2013 aktu\u00e1lis \u00e1ll\u00e1slehet\u0151s\u00e9g hi\u00e1ny\u00e1ban is \u2013 k\u00e9r\u00e9sre r\u00f6gz\u00edt\u00e9sre ker\u00fclnek \u00f6n\u00e9letrajz adatb\u00e1zisunkba, \u00edgy amennyiben a j\u00f6v\u0151ben k\u00e9pzetts\u00e9g\u00fcknek, szakmai tapasztalatuknak \u00e9s \u00e9rdekl\u0151d\u00e9s\u00fcknek megfelel\u0151 ter\u00fcleten tudunk \u00e1ll\u00e1slehet\u0151s\u00e9get k\u00edn\u00e1lni, HR oszt\u00e1lyunk munkat\u00e1rsai azonnal fel tudj\u00e1k venni vel\u00fck a kapcsolatot. Le\u00e1nyv\u00e1llalataink felk\u00e9sz\u00fcltek, Te k\u00e9szen \u00e1llsz a nemzetk\u00f6zi megm\u00e9rettet\u00e9sre?<br\/><br\/>Amennyiben amb\u00edci\u00f3zus \u00e9s agilis vagy, fontos sz\u00e1modra a szakmai fejl\u0151d\u00e9s, net\u00e1n nemzetk\u00f6zi karrierlehet\u0151s\u00e9get keresel, jelentkezz adatb\u00e1zisunkba! Folyamatosan v\u00e1rjuk tov\u00e1bb\u00e1 a k\u00f6telez\u0151, k\u00f6z\u00e9pfok\u00fa \u2013 \u00e9s fels\u0151fok\u00fa oktat\u00e1si int\u00e9zm\u00e9nyek \u00e1ltal el\u0151\u00edrt szakmai gyakorlatra jelentkez\u0151k p\u00e1ly\u00e1zatait. \u00c1ltal\u00e1nos iskolai, valamint szakmunk\u00e1s v\u00e9gzetts\u00e9ggel rendelkez\u0151 p\u00e1ly\u00e1z\u00f3k jelentkez\u00e9s\u00e9t is v\u00e1rjuk, hiszen a gy\u00e1rt\u00f3i \u2013 \u00e9s rakt\u00e1rkapacit\u00e1sunk b\u0151v\u00edt\u00e9s\u00e9b\u0151l ad\u00f3d\u00f3an, fizikai ter\u00fcleten is tudunk \u00e1ll\u00e1slehet\u0151s\u00e9get k\u00edn\u00e1lni, telephelyi k\u00e9zi anyagmozgat\u00f3, g\u00e9pkezel\u0151, targoncavezet\u0151, tov\u00e1bb\u00e1 g\u00e9pkocsivezet\u0151 munkak\u00f6rre.<\/p><\/div><\/div>\n\n\n\n<div class=\"wp-block-masterplast-blockquote row static-content\"><div class=\"col-12 col-md-8 offset-md-3\"><blockquote>Minden siker m\u00f6g\u00f6tt egy \u00e1lom rejt\u0151zik.<br>\nA sikerbe vetett hit \u00e9s az el\u00e9r\u00e9s\u00e9hez sz\u00fcks\u00e9ges kem\u00e9ny munka.<\/blockquote><\/div><\/div>\n\n\n\n<div class=\"wp-block-masterplast-paragraph row static-content\"><div class=\"col-12 col-md-7 offset-md-4\"><p><em>&#8211;\u00a0\/Tibor D\u00e1vid, eln\u00f6k\/<\/em><\/p><\/div><\/div>\n","protected":false},"excerpt":{"rendered":"<p>Egy magyar sikert\u00f6rt\u00e9net C\u00e9g\u00fcnk 21 \u00e9ves fenn\u00e1ll\u00e1sa alatt \u00f6tf\u0151s v\u00e1llalkoz\u00e1sb\u00f3l, nemzetk\u00f6zi szinten mintegy 930 f\u0151t foglalkoztat\u00f3 v\u00e1llalatcsoportt\u00e1 n\u0151tte ki mag\u00e1t. Eredm\u00e9nyeink el\u00e9r\u00e9s\u00e9ben \u2013 megalakul\u00e1sunk \u00f3ta \u2013 kompetens, felk\u00e9sz\u00fclt vezet\u0151ink \u00e1ltal ir\u00e1ny\u00edtott \u00e9s t\u00e1mogatott csapatunk egym\u00e1st seg\u00edtve, tartalmas emberi kapcsolatokat fenntartva dolgozik a k\u00f6z\u00f6s sikerek el\u00e9r\u00e9s\u00e9\u00e9rt. A dinamikus fejl\u0151d\u00e9s \u00f6nmag\u00e1ban is, \u00e9s folyamatosan \u00fajabb \u00e9s \u00fajabb [&hellip;]<\/p>\n","protected":false},"author":1,"featured_media":3159,"parent":0,"menu_order":0,"comment_status":"closed","ping_status":"closed","template":"","meta":[],"yoast_head":"<!-- This site is optimized with the Yoast SEO plugin v16.4 - https:\/\/yoast.com\/wordpress\/plugins\/seo\/ -->\n<title>Karrier - Masterplast<\/title>\n<meta name=\"robots\" content=\"index, follow, max-snippet:-1, max-image-preview:large, max-video-preview:-1\" \/>\n<link rel=\"canonical\" href=\"https:\/\/masterplastsrlro-legacy.fps2.hu\/hu\/hr-portal\/\" \/>\n<meta property=\"og:locale\" content=\"hu_HU\" \/>\n<meta property=\"og:type\" content=\"article\" \/>\n<meta property=\"og:title\" content=\"Karrier - Masterplast\" \/>\n<meta property=\"og:description\" content=\"Egy magyar sikert\u00f6rt\u00e9net C\u00e9g\u00fcnk 21 \u00e9ves fenn\u00e1ll\u00e1sa alatt \u00f6tf\u0151s v\u00e1llalkoz\u00e1sb\u00f3l, nemzetk\u00f6zi szinten mintegy 930 f\u0151t foglalkoztat\u00f3 v\u00e1llalatcsoportt\u00e1 n\u0151tte ki mag\u00e1t. Eredm\u00e9nyeink el\u00e9r\u00e9s\u00e9ben \u2013 megalakul\u00e1sunk \u00f3ta \u2013 kompetens, felk\u00e9sz\u00fclt vezet\u0151ink \u00e1ltal ir\u00e1ny\u00edtott \u00e9s t\u00e1mogatott csapatunk egym\u00e1st seg\u00edtve, tartalmas emberi kapcsolatokat fenntartva dolgozik a k\u00f6z\u00f6s sikerek el\u00e9r\u00e9s\u00e9\u00e9rt. A dinamikus fejl\u0151d\u00e9s \u00f6nmag\u00e1ban is, \u00e9s folyamatosan \u00fajabb \u00e9s \u00fajabb [&hellip;]\" \/>\n<meta property=\"og:url\" content=\"https:\/\/masterplastsrlro-legacy.fps2.hu\/hu\/hr-portal\/\" \/>\n<meta property=\"og:site_name\" content=\"Masterplast\" \/>\n<meta property=\"article:modified_time\" content=\"2019-02-18T13:14:07+00:00\" \/>\n<meta property=\"og:image\" content=\"https:\/\/www.masterplastsrl.ro\/wp-content\/uploads\/2019\/01\/karrier-head-2200x1400.jpg\" \/>\n\t<meta property=\"og:image:width\" content=\"2200\" \/>\n\t<meta property=\"og:image:height\" content=\"1400\" \/>\n<meta name=\"twitter:card\" content=\"summary_large_image\" \/>\n<meta name=\"twitter:label1\" content=\"Becs\u00fclt olvas\u00e1si id\u0151\" \/>\n\t<meta name=\"twitter:data1\" content=\"3 perc\" \/>\n<script type=\"application\/ld+json\" class=\"yoast-schema-graph\">{\"@context\":\"https:\/\/schema.org\",\"@graph\":[{\"@type\":\"WebSite\",\"@id\":\"https:\/\/masterplastsrlro-legacy.fps2.hu\/#website\",\"url\":\"https:\/\/masterplastsrlro-legacy.fps2.hu\/\",\"name\":\"Masterplast\",\"description\":\"\\u00dczleti szolg\\u00e1ltat\\u00f3 partner a szigetel\\u00e9si megold\\u00e1sokban\",\"potentialAction\":[{\"@type\":\"SearchAction\",\"target\":\"https:\/\/masterplastsrlro-legacy.fps2.hu\/?s={search_term_string}\",\"query-input\":\"required name=search_term_string\"}],\"inLanguage\":\"hu\"},{\"@type\":\"ImageObject\",\"@id\":\"https:\/\/masterplastsrlro-legacy.fps2.hu\/hu\/hr-portal\/#primaryimage\",\"inLanguage\":\"hu\",\"url\":\"https:\/\/masterplastsrlro-legacy.fps2.hu\/wp-content\/uploads\/2019\/01\/karrier-head-2200x1400.jpg\",\"contentUrl\":\"https:\/\/masterplastsrlro-legacy.fps2.hu\/wp-content\/uploads\/2019\/01\/karrier-head-2200x1400.jpg\",\"width\":2200,\"height\":1400},{\"@type\":\"WebPage\",\"@id\":\"https:\/\/masterplastsrlro-legacy.fps2.hu\/hu\/hr-portal\/#webpage\",\"url\":\"https:\/\/masterplastsrlro-legacy.fps2.hu\/hu\/hr-portal\/\",\"name\":\"Karrier - Masterplast\",\"isPartOf\":{\"@id\":\"https:\/\/masterplastsrlro-legacy.fps2.hu\/#website\"},\"primaryImageOfPage\":{\"@id\":\"https:\/\/masterplastsrlro-legacy.fps2.hu\/hu\/hr-portal\/#primaryimage\"},\"datePublished\":\"2018-11-29T13:23:07+00:00\",\"dateModified\":\"2019-02-18T13:14:07+00:00\",\"breadcrumb\":{\"@id\":\"https:\/\/masterplastsrlro-legacy.fps2.hu\/hu\/hr-portal\/#breadcrumb\"},\"inLanguage\":\"hu\",\"potentialAction\":[{\"@type\":\"ReadAction\",\"target\":[\"https:\/\/masterplastsrlro-legacy.fps2.hu\/hu\/hr-portal\/\"]}]},{\"@type\":\"BreadcrumbList\",\"@id\":\"https:\/\/masterplastsrlro-legacy.fps2.hu\/hu\/hr-portal\/#breadcrumb\",\"itemListElement\":[{\"@type\":\"ListItem\",\"position\":1,\"item\":{\"@type\":\"WebPage\",\"@id\":\"https:\/\/masterplastsrlro-legacy.fps2.hu\/hu\/\",\"url\":\"https:\/\/masterplastsrlro-legacy.fps2.hu\/hu\/\",\"name\":\"Home\"}},{\"@type\":\"ListItem\",\"position\":2,\"item\":{\"@id\":\"https:\/\/masterplastsrlro-legacy.fps2.hu\/hu\/hr-portal\/#webpage\"}}]}]}<\/script>\n<!-- \/ Yoast SEO plugin. -->","_links":{"self":[{"href":"https:\/\/masterplastsrlro-legacy.fps2.hu\/hu\/wp-json\/wp\/v2\/pages\/1170"}],"collection":[{"href":"https:\/\/masterplastsrlro-legacy.fps2.hu\/hu\/wp-json\/wp\/v2\/pages"}],"about":[{"href":"https:\/\/masterplastsrlro-legacy.fps2.hu\/hu\/wp-json\/wp\/v2\/types\/page"}],"author":[{"embeddable":true,"href":"https:\/\/masterplastsrlro-legacy.fps2.hu\/hu\/wp-json\/wp\/v2\/users\/1"}],"replies":[{"embeddable":true,"href":"https:\/\/masterplastsrlro-legacy.fps2.hu\/hu\/wp-json\/wp\/v2\/comments?post=1170"}],"version-history":[{"count":1,"href":"https:\/\/masterplastsrlro-legacy.fps2.hu\/hu\/wp-json\/wp\/v2\/pages\/1170\/revisions"}],"predecessor-version":[{"id":5537,"href":"https:\/\/masterplastsrlro-legacy.fps2.hu\/hu\/wp-json\/wp\/v2\/pages\/1170\/revisions\/5537"}],"wp:featuredmedia":[{"embeddable":true,"href":"https:\/\/masterplastsrlro-legacy.fps2.hu\/hu\/wp-json\/wp\/v2\/media\/3159"}],"wp:attachment":[{"href":"https:\/\/masterplastsrlro-legacy.fps2.hu\/hu\/wp-json\/wp\/v2\/media?parent=1170"}],"curies":[{"name":"wp","href":"https:\/\/api.w.org\/{rel}","templated":true}]}}