{"id":1190,"date":"2018-12-03T12:18:05","date_gmt":"2018-12-03T12:18:05","guid":{"rendered":"https:\/\/stage.masterplast.hu\/?page_id=1190"},"modified":"2019-01-09T10:17:44","modified_gmt":"2019-01-09T10:17:44","slug":"egy-jo-munkahely","status":"publish","type":"page","link":"https:\/\/masterplastsrlro-legacy.fps2.hu\/hu\/hr-portal\/egy-jo-munkahely\/","title":{"rendered":"Egy j\u00f3 munkahely"},"content":{"rendered":"<h2>Csapatunkban van az er\u0151nk<\/h2>\n<p>A Masterplast sikereinek kov\u00e1csa az elk\u00f6telezett munkat\u00e1rsi csapata. Ez\u00e9rt kiemelten fontos sz\u00e1munkra, a pozit\u00edv munkahelyi l\u00e9gk\u00f6r \u00e9s csal\u00e1dias hangulat meg\u0151rz\u00e9se, valamint az eur\u00f3pai sz\u00ednvonal\u00fa munkak\u00f6r\u00fclm\u00e9nyek biztos\u00edt\u00e1sa.<\/p>\n<p>Stabil t\u0151zsdei nagyv\u00e1llalatk\u00e9nt kisz\u00e1m\u00edthat\u00f3 \u00e9s biztons\u00e1gos k\u00f6rnyezetet biztos\u00edtunk. B\u00fcszk\u00e9k vagyunk r\u00e1, hogy munkat\u00e1rsaink hossz\u00fat\u00e1von tal\u00e1lj\u00e1k meg sz\u00e1m\u00edt\u00e1saikat v\u00e1llalatunkn\u00e1l, amit a nagyon alacsony fluktu\u00e1ci\u00f3 is bizony\u00edt. Ny\u00edlt-k\u00f6zvetlen kommunik\u00e1ci\u00f3, t\u00e1mogat\u00f3 kollegi\u00e1lis viszonyok \u00e9s el\u00e9rhet\u0151 vezet\u0151k teszik g\u00f6rd\u00fcl\u00e9kenny\u00e9 a napi munkav\u00e9gz\u00e9st. Folyamatosan fejl\u0151d\u0151 v\u00e1llalatk\u00e9nt egyar\u00e1nt lehet\u0151s\u00e9get k\u00edn\u00e1lunk az egy\u00e9ni fejl\u0151d\u00e9sre \u00e9s a karrier c\u00e9lok el\u00e9r\u00e9s\u00e9re.<\/p>\n<p>Munkahelyi l\u00e9gk\u00f6r\u00fcnkre jellemz\u0151, hogy \u00e9letre sz\u00f3l\u00f3 bar\u00e1ts\u00e1gok alakulnak ki, \u00e9s voltak, akik itt tal\u00e1lkoztak \u00e9let\u00fck p\u00e1rj\u00e1val. Munkat\u00e1rsaink j\u00f3l\u00e9t\u00e9t csal\u00e1di nap, csapat\u00e9p\u00edt\u0151 programok, versenyk\u00e9pes b\u00e9rez\u00e9s \u00e9s sz\u00e9les k\u00f6r\u0171 juttat\u00e1si rendszer is t\u00e1mogatja.<\/p>\n","protected":false},"excerpt":{"rendered":"<p>Csapatunkban van az er\u0151nk A Masterplast sikereinek kov\u00e1csa az elk\u00f6telezett munkat\u00e1rsi csapata. Ez\u00e9rt kiemelten fontos sz\u00e1munkra, a pozit\u00edv munkahelyi l\u00e9gk\u00f6r \u00e9s csal\u00e1dias hangulat meg\u0151rz\u00e9se, valamint az eur\u00f3pai sz\u00ednvonal\u00fa munkak\u00f6r\u00fclm\u00e9nyek biztos\u00edt\u00e1sa. Stabil t\u0151zsdei nagyv\u00e1llalatk\u00e9nt kisz\u00e1m\u00edthat\u00f3 \u00e9s biztons\u00e1gos k\u00f6rnyezetet biztos\u00edtunk. B\u00fcszk\u00e9k vagyunk r\u00e1, hogy munkat\u00e1rsaink hossz\u00fat\u00e1von tal\u00e1lj\u00e1k meg sz\u00e1m\u00edt\u00e1saikat v\u00e1llalatunkn\u00e1l, amit a nagyon alacsony fluktu\u00e1ci\u00f3 is bizony\u00edt. [&hellip;]<\/p>\n","protected":false},"author":1,"featured_media":3162,"parent":1170,"menu_order":0,"comment_status":"closed","ping_status":"closed","template":"","meta":[],"yoast_head":"<!-- This site is optimized with the Yoast SEO plugin v16.4 - https:\/\/yoast.com\/wordpress\/plugins\/seo\/ -->\n<title>Egy j\u00f3 munkahely - Masterplast<\/title>\n<meta name=\"robots\" content=\"index, follow, max-snippet:-1, max-image-preview:large, max-video-preview:-1\" \/>\n<link rel=\"canonical\" href=\"https:\/\/masterplastsrlro-legacy.fps2.hu\/hu\/hr-portal\/egy-jo-munkahely\/\" \/>\n<meta property=\"og:locale\" content=\"hu_HU\" \/>\n<meta property=\"og:type\" content=\"article\" \/>\n<meta property=\"og:title\" content=\"Egy j\u00f3 munkahely - Masterplast\" \/>\n<meta property=\"og:description\" content=\"Csapatunkban van az er\u0151nk A Masterplast sikereinek kov\u00e1csa az elk\u00f6telezett munkat\u00e1rsi csapata. Ez\u00e9rt kiemelten fontos sz\u00e1munkra, a pozit\u00edv munkahelyi l\u00e9gk\u00f6r \u00e9s csal\u00e1dias hangulat meg\u0151rz\u00e9se, valamint az eur\u00f3pai sz\u00ednvonal\u00fa munkak\u00f6r\u00fclm\u00e9nyek biztos\u00edt\u00e1sa. Stabil t\u0151zsdei nagyv\u00e1llalatk\u00e9nt kisz\u00e1m\u00edthat\u00f3 \u00e9s biztons\u00e1gos k\u00f6rnyezetet biztos\u00edtunk. B\u00fcszk\u00e9k vagyunk r\u00e1, hogy munkat\u00e1rsaink hossz\u00fat\u00e1von tal\u00e1lj\u00e1k meg sz\u00e1m\u00edt\u00e1saikat v\u00e1llalatunkn\u00e1l, amit a nagyon alacsony fluktu\u00e1ci\u00f3 is bizony\u00edt. [&hellip;]\" \/>\n<meta property=\"og:url\" content=\"https:\/\/masterplastsrlro-legacy.fps2.hu\/hu\/hr-portal\/egy-jo-munkahely\/\" \/>\n<meta property=\"og:site_name\" content=\"Masterplast\" \/>\n<meta property=\"article:modified_time\" content=\"2019-01-09T10:17:44+00:00\" \/>\n<meta property=\"og:image\" content=\"https:\/\/www.masterplastsrl.ro\/wp-content\/uploads\/2019\/01\/jo-munkahely-head-2200x1400.jpg\" \/>\n\t<meta property=\"og:image:width\" content=\"2200\" \/>\n\t<meta property=\"og:image:height\" content=\"1400\" \/>\n<meta name=\"twitter:card\" content=\"summary_large_image\" \/>\n<meta name=\"twitter:label1\" content=\"Becs\u00fclt olvas\u00e1si id\u0151\" \/>\n\t<meta name=\"twitter:data1\" content=\"1 perc\" \/>\n<script type=\"application\/ld+json\" class=\"yoast-schema-graph\">{\"@context\":\"https:\/\/schema.org\",\"@graph\":[{\"@type\":\"WebSite\",\"@id\":\"https:\/\/masterplastsrlro-legacy.fps2.hu\/#website\",\"url\":\"https:\/\/masterplastsrlro-legacy.fps2.hu\/\",\"name\":\"Masterplast\",\"description\":\"\\u00dczleti szolg\\u00e1ltat\\u00f3 partner a szigetel\\u00e9si megold\\u00e1sokban\",\"potentialAction\":[{\"@type\":\"SearchAction\",\"target\":\"https:\/\/masterplastsrlro-legacy.fps2.hu\/?s={search_term_string}\",\"query-input\":\"required name=search_term_string\"}],\"inLanguage\":\"hu\"},{\"@type\":\"ImageObject\",\"@id\":\"https:\/\/masterplastsrlro-legacy.fps2.hu\/hu\/hr-portal\/egy-jo-munkahely\/#primaryimage\",\"inLanguage\":\"hu\",\"url\":\"https:\/\/masterplastsrlro-legacy.fps2.hu\/wp-content\/uploads\/2019\/01\/jo-munkahely-head-2200x1400.jpg\",\"contentUrl\":\"https:\/\/masterplastsrlro-legacy.fps2.hu\/wp-content\/uploads\/2019\/01\/jo-munkahely-head-2200x1400.jpg\",\"width\":2200,\"height\":1400},{\"@type\":\"WebPage\",\"@id\":\"https:\/\/masterplastsrlro-legacy.fps2.hu\/hu\/hr-portal\/egy-jo-munkahely\/#webpage\",\"url\":\"https:\/\/masterplastsrlro-legacy.fps2.hu\/hu\/hr-portal\/egy-jo-munkahely\/\",\"name\":\"Egy j\\u00f3 munkahely - Masterplast\",\"isPartOf\":{\"@id\":\"https:\/\/masterplastsrlro-legacy.fps2.hu\/#website\"},\"primaryImageOfPage\":{\"@id\":\"https:\/\/masterplastsrlro-legacy.fps2.hu\/hu\/hr-portal\/egy-jo-munkahely\/#primaryimage\"},\"datePublished\":\"2018-12-03T12:18:05+00:00\",\"dateModified\":\"2019-01-09T10:17:44+00:00\",\"breadcrumb\":{\"@id\":\"https:\/\/masterplastsrlro-legacy.fps2.hu\/hu\/hr-portal\/egy-jo-munkahely\/#breadcrumb\"},\"inLanguage\":\"hu\",\"potentialAction\":[{\"@type\":\"ReadAction\",\"target\":[\"https:\/\/masterplastsrlro-legacy.fps2.hu\/hu\/hr-portal\/egy-jo-munkahely\/\"]}]},{\"@type\":\"BreadcrumbList\",\"@id\":\"https:\/\/masterplastsrlro-legacy.fps2.hu\/hu\/hr-portal\/egy-jo-munkahely\/#breadcrumb\",\"itemListElement\":[{\"@type\":\"ListItem\",\"position\":1,\"item\":{\"@type\":\"WebPage\",\"@id\":\"https:\/\/masterplastsrlro-legacy.fps2.hu\/hu\/\",\"url\":\"https:\/\/masterplastsrlro-legacy.fps2.hu\/hu\/\",\"name\":\"Home\"}},{\"@type\":\"ListItem\",\"position\":2,\"item\":{\"@type\":\"WebPage\",\"@id\":\"https:\/\/masterplastsrlro-legacy.fps2.hu\/hu\/hr-portal\/\",\"url\":\"https:\/\/masterplastsrlro-legacy.fps2.hu\/hu\/hr-portal\/\",\"name\":\"Karrier\"}},{\"@type\":\"ListItem\",\"position\":3,\"item\":{\"@id\":\"https:\/\/masterplastsrlro-legacy.fps2.hu\/hu\/hr-portal\/egy-jo-munkahely\/#webpage\"}}]}]}<\/script>\n<!-- \/ Yoast SEO plugin. -->","_links":{"self":[{"href":"https:\/\/masterplastsrlro-legacy.fps2.hu\/hu\/wp-json\/wp\/v2\/pages\/1190"}],"collection":[{"href":"https:\/\/masterplastsrlro-legacy.fps2.hu\/hu\/wp-json\/wp\/v2\/pages"}],"about":[{"href":"https:\/\/masterplastsrlro-legacy.fps2.hu\/hu\/wp-json\/wp\/v2\/types\/page"}],"author":[{"embeddable":true,"href":"https:\/\/masterplastsrlro-legacy.fps2.hu\/hu\/wp-json\/wp\/v2\/users\/1"}],"replies":[{"embeddable":true,"href":"https:\/\/masterplastsrlro-legacy.fps2.hu\/hu\/wp-json\/wp\/v2\/comments?post=1190"}],"version-history":[{"count":1,"href":"https:\/\/masterplastsrlro-legacy.fps2.hu\/hu\/wp-json\/wp\/v2\/pages\/1190\/revisions"}],"predecessor-version":[{"id":2772,"href":"https:\/\/masterplastsrlro-legacy.fps2.hu\/hu\/wp-json\/wp\/v2\/pages\/1190\/revisions\/2772"}],"up":[{"embeddable":true,"href":"https:\/\/masterplastsrlro-legacy.fps2.hu\/hu\/wp-json\/wp\/v2\/pages\/1170"}],"wp:featuredmedia":[{"embeddable":true,"href":"https:\/\/masterplastsrlro-legacy.fps2.hu\/hu\/wp-json\/wp\/v2\/media\/3162"}],"wp:attachment":[{"href":"https:\/\/masterplastsrlro-legacy.fps2.hu\/hu\/wp-json\/wp\/v2\/media?parent=1190"}],"curies":[{"name":"wp","href":"https:\/\/api.w.org\/{rel}","templated":true}]}}