{"id":1216,"date":"2018-12-03T12:34:00","date_gmt":"2018-12-03T12:34:00","guid":{"rendered":"https:\/\/stage.masterplast.hu\/?page_id=1216"},"modified":"2019-08-03T22:30:53","modified_gmt":"2019-08-03T22:30:53","slug":"despre-noi","status":"publish","type":"page","link":"https:\/\/masterplastsrlro-legacy.fps2.hu\/hu\/despre-noi\/","title":{"rendered":"Despre noi"},"content":{"rendered":"\n<div class=\"wp-block-masterplast-left-title-right-content row static-content\"><div class=\"col-12 col-md-4 col-lg-3 offset-lg-1\"><h2 class=\"is-outline\"><br\/>A Masterplast Hung\u00e1ria Kft.<br\/><\/h2><\/div><div class=\"col-12 col-md-8 col-lg-7\"><p class=\"left\">Az 1997-ben alap\u00edtott Masterplast Csoport a k\u00f6z\u00e9p-eur\u00f3pai r\u00e9gi\u00f3 legnagyobb magyar tulajdon\u00fa \u00e9p\u00edt\u0151anyaggy\u00e1rt\u00f3 v\u00e1llalata. A Masterplast Hung\u00e1ria Kft. jelent\u0151s besz\u00e1ll\u00edt\u00f3 partnere a hazai \u00e9p\u00edt\u0151anyag kereskedelmi v\u00e1llalkoz\u00e1soknak.<\/p><\/div><\/div>\n\n\n\n<div class=\"wp-block-masterplast-left-title-right-content row static-content\"><div class=\"col-12 col-md-4 col-lg-3 offset-lg-1\"><h2 class=\"is-outline\">Term\u00e9kek \u00e9s gy\u00e1rt\u00e1s<\/h2><\/div><div class=\"col-12 col-md-8 col-lg-7\"><p class=\"left\">Meghat\u00e1roz\u00f3 poz\u00edci\u00f3val rendelkezik a homlokzati h\u0151szigetel\u0151, magastet\u0151 szigetel\u0151 \u00e9s sz\u00e1raz\u00e9p\u00edt\u00e9szeti rendszerek elemeinek piac\u00e1n, term\u00e9kh\u00e1tter\u00e9t a csoport Magyarorsz\u00e1gon \u00e9s Szerbi\u00e1ban m\u0171k\u00f6d\u0151 gy\u00e1rt\u00f3b\u00e1zisain folytatott termel\u00e9sb\u0151l \u00e9s strat\u00e9giai gy\u00e1rt\u00f3i egy\u00fcttm\u0171k\u00f6d\u00e9sekkel biztos\u00edtja.<\/p><\/div><\/div>\n\n\n\n<div class=\"wp-block-masterplast-left-title-right-content row static-content\"><div class=\"col-12 col-md-4 col-lg-3 offset-lg-1\"><h2 class=\"is-outline\">\u00dczleti Szolg\u00e1ltat\u00f3<\/h2><\/div><div class=\"col-12 col-md-8 col-lg-7\"><p class=\"left\">Ki\u00e9p\u00edtett vev\u0151k\u00f6zpont\u00fa \u00e9rt\u00e9kes\u00edt\u00e9si rendszerrel, a gy\u00e1rtott \u00e9s forgalmazott term\u00e9kek min\u0151s\u00e9g\u00e9nek folyamatos ellen\u0151rz\u00e9s\u00e9vel, stabil term\u00e9k ell\u00e1t\u00e1si h\u00e1tt\u00e9rrel \u00e9s rugalmas logisztikai megold\u00e1sokkal, versenyk\u00e9pes \u00fczleti szolg\u00e1ltat\u00e1sokat biztos\u00edtunk partnereink sz\u00e1m\u00e1ra.<\/p><\/div><\/div>\n\n\n\n<div class=\"wp-block-masterplast-left-title-right-content row static-content\"><div class=\"col-12 col-md-4 col-lg-3 offset-lg-1\"><h2 class=\"is-outline\">Fenntarthat\u00f3s\u00e1g<\/h2><\/div><div class=\"col-12 col-md-8 col-lg-7\"><p class=\"left\">A Masterplast a fenntarthat\u00f3s\u00e1g, energiahat\u00e9konys\u00e1g \u00e9s k\u00f6rnyezetv\u00e9delem szempontjait mind bels\u0151 folyamataiban, mind pedig term\u00e9kei gy\u00e1rt\u00e1s\u00e1ban \u00e9s fejleszt\u00e9s\u00e9ben kiemelten fontosnak tartja.<\/p><\/div><\/div>\n\n\n\n<div class=\"wp-block-masterplast-left-title-right-content row static-content\"><div class=\"col-12 col-md-4 col-lg-3 offset-lg-1\"><h2 class=\"is-outline\">K\u00fcldet\u00e9s<\/h2><\/div><div class=\"col-12 col-md-8 col-lg-7\"><p class=\"left\">A Masterplast Hung\u00e1ria Kft. a partnerek ig\u00e9nyein alapul\u00f3 versenyk\u00e9pes term\u00e9keivel \u00e9s szolg\u00e1ltat\u00e1si portf\u00f3li\u00f3j\u00e1val, a hazai \u00e9p\u00edt\u0151anyag ipar meghat\u00e1roz\u00f3 szerepl\u0151j\u00e9v\u00e9 k\u00edv\u00e1n fejl\u0151dni.<\/p><\/div><\/div>\n","protected":false},"excerpt":{"rendered":"","protected":false},"author":1,"featured_media":369,"parent":0,"menu_order":0,"comment_status":"closed","ping_status":"closed","template":"","meta":[],"yoast_head":"<!-- This site is optimized with the Yoast SEO plugin v16.4 - https:\/\/yoast.com\/wordpress\/plugins\/seo\/ -->\n<title>Despre noi - Masterplast<\/title>\n<meta name=\"robots\" content=\"index, follow, max-snippet:-1, max-image-preview:large, max-video-preview:-1\" \/>\n<link rel=\"canonical\" href=\"https:\/\/masterplastsrlro-legacy.fps2.hu\/hu\/despre-noi\/\" \/>\n<meta property=\"og:locale\" content=\"hu_HU\" \/>\n<meta property=\"og:type\" content=\"article\" \/>\n<meta property=\"og:title\" content=\"Despre noi - Masterplast\" \/>\n<meta property=\"og:url\" content=\"https:\/\/masterplastsrlro-legacy.fps2.hu\/hu\/despre-noi\/\" \/>\n<meta property=\"og:site_name\" content=\"Masterplast\" \/>\n<meta property=\"article:modified_time\" content=\"2019-08-03T22:30:53+00:00\" \/>\n<meta property=\"og:image\" content=\"https:\/\/www.masterplastsrl.ro\/wp-content\/uploads\/2018\/10\/bg_cover_home-1024x775.png\" \/>\n\t<meta property=\"og:image:width\" content=\"1024\" \/>\n\t<meta property=\"og:image:height\" content=\"775\" \/>\n<meta name=\"twitter:card\" content=\"summary_large_image\" \/>\n<meta name=\"twitter:label1\" content=\"Becs\u00fclt olvas\u00e1si id\u0151\" \/>\n\t<meta name=\"twitter:data1\" content=\"1 perc\" \/>\n<script type=\"application\/ld+json\" class=\"yoast-schema-graph\">{\"@context\":\"https:\/\/schema.org\",\"@graph\":[{\"@type\":\"WebSite\",\"@id\":\"https:\/\/masterplastsrlro-legacy.fps2.hu\/#website\",\"url\":\"https:\/\/masterplastsrlro-legacy.fps2.hu\/\",\"name\":\"Masterplast\",\"description\":\"\\u00dczleti szolg\\u00e1ltat\\u00f3 partner a szigetel\\u00e9si megold\\u00e1sokban\",\"potentialAction\":[{\"@type\":\"SearchAction\",\"target\":\"https:\/\/masterplastsrlro-legacy.fps2.hu\/?s={search_term_string}\",\"query-input\":\"required name=search_term_string\"}],\"inLanguage\":\"hu\"},{\"@type\":\"ImageObject\",\"@id\":\"https:\/\/masterplastsrlro-legacy.fps2.hu\/hu\/despre-noi\/#primaryimage\",\"inLanguage\":\"hu\",\"url\":\"https:\/\/masterplastsrlro-legacy.fps2.hu\/wp-content\/uploads\/2018\/10\/bg_cover_home.png\",\"contentUrl\":\"https:\/\/masterplastsrlro-legacy.fps2.hu\/wp-content\/uploads\/2018\/10\/bg_cover_home.png\",\"width\":1561,\"height\":1181},{\"@type\":\"WebPage\",\"@id\":\"https:\/\/masterplastsrlro-legacy.fps2.hu\/hu\/despre-noi\/#webpage\",\"url\":\"https:\/\/masterplastsrlro-legacy.fps2.hu\/hu\/despre-noi\/\",\"name\":\"Despre noi - Masterplast\",\"isPartOf\":{\"@id\":\"https:\/\/masterplastsrlro-legacy.fps2.hu\/#website\"},\"primaryImageOfPage\":{\"@id\":\"https:\/\/masterplastsrlro-legacy.fps2.hu\/hu\/despre-noi\/#primaryimage\"},\"datePublished\":\"2018-12-03T12:34:00+00:00\",\"dateModified\":\"2019-08-03T22:30:53+00:00\",\"breadcrumb\":{\"@id\":\"https:\/\/masterplastsrlro-legacy.fps2.hu\/hu\/despre-noi\/#breadcrumb\"},\"inLanguage\":\"hu\",\"potentialAction\":[{\"@type\":\"ReadAction\",\"target\":[\"https:\/\/masterplastsrlro-legacy.fps2.hu\/hu\/despre-noi\/\"]}]},{\"@type\":\"BreadcrumbList\",\"@id\":\"https:\/\/masterplastsrlro-legacy.fps2.hu\/hu\/despre-noi\/#breadcrumb\",\"itemListElement\":[{\"@type\":\"ListItem\",\"position\":1,\"item\":{\"@type\":\"WebPage\",\"@id\":\"https:\/\/masterplastsrlro-legacy.fps2.hu\/hu\/\",\"url\":\"https:\/\/masterplastsrlro-legacy.fps2.hu\/hu\/\",\"name\":\"Home\"}},{\"@type\":\"ListItem\",\"position\":2,\"item\":{\"@id\":\"https:\/\/masterplastsrlro-legacy.fps2.hu\/hu\/despre-noi\/#webpage\"}}]}]}<\/script>\n<!-- \/ Yoast SEO plugin. -->","_links":{"self":[{"href":"https:\/\/masterplastsrlro-legacy.fps2.hu\/hu\/wp-json\/wp\/v2\/pages\/1216"}],"collection":[{"href":"https:\/\/masterplastsrlro-legacy.fps2.hu\/hu\/wp-json\/wp\/v2\/pages"}],"about":[{"href":"https:\/\/masterplastsrlro-legacy.fps2.hu\/hu\/wp-json\/wp\/v2\/types\/page"}],"author":[{"embeddable":true,"href":"https:\/\/masterplastsrlro-legacy.fps2.hu\/hu\/wp-json\/wp\/v2\/users\/1"}],"replies":[{"embeddable":true,"href":"https:\/\/masterplastsrlro-legacy.fps2.hu\/hu\/wp-json\/wp\/v2\/comments?post=1216"}],"version-history":[{"count":0,"href":"https:\/\/masterplastsrlro-legacy.fps2.hu\/hu\/wp-json\/wp\/v2\/pages\/1216\/revisions"}],"wp:featuredmedia":[{"embeddable":true,"href":"https:\/\/masterplastsrlro-legacy.fps2.hu\/hu\/wp-json\/wp\/v2\/media\/369"}],"wp:attachment":[{"href":"https:\/\/masterplastsrlro-legacy.fps2.hu\/hu\/wp-json\/wp\/v2\/media?parent=1216"}],"curies":[{"name":"wp","href":"https:\/\/api.w.org\/{rel}","templated":true}]}}