{"id":1218,"date":"2018-12-03T12:42:19","date_gmt":"2018-12-03T12:42:19","guid":{"rendered":"https:\/\/stage.masterplast.hu\/?page_id=1218"},"modified":"2019-02-27T08:17:32","modified_gmt":"2019-02-27T08:17:32","slug":"cegtortenet","status":"publish","type":"page","link":"https:\/\/masterplastsrlro-legacy.fps2.hu\/hu\/despre-noi\/cegtortenet\/","title":{"rendered":"C\u00e9gt\u00f6rt\u00e9net"},"content":{"rendered":"\n<div class=\"wp-block-masterplast-left-title-right-content row static-content\"><div class=\"col-12 col-md-4 col-lg-3 offset-lg-1\"><h2 class=\"is-outline\">A kezdetek<br\/><\/h2><\/div><div class=\"col-12 col-md-8 col-lg-7\"><p class=\"left\">A Masterplast Kft. Sz\u00e9kesfeh\u00e9rv\u00e1ron kezdte meg m\u0171k\u00f6d\u00e9s\u00e9t 1997-ben. A Tibor D\u00e1vid \u00e9s \u00c1cs Bal\u00e1zs alap\u00edtotta 5 f\u0151s c\u00e9g tev\u00e9kenys\u00e9ge az \u00e9p\u00edt\u0151anyag kereskedelem, f\u0151 term\u00e9kei a tet\u0151f\u00f3li\u00e1k, \u00fcvegsz\u00f6vet h\u00e1l\u00f3k \u00e9s \u00e9p\u00edt\u0151ipari kieg\u00e9sz\u00edt\u0151 term\u00e9kek voltak. Gyorsan n\u00e9pszer\u0171v\u00e9 v\u00e1lt az \u00e9p\u00edt\u0151anyag keresked\u0151k k\u00f6r\u00e9ben a kis v\u00e1llalat, vev\u0151k\u00f6zpont\u00fa \u00fczleti megk\u00f6zel\u00edt\u00e9s\u00e9nek, megb\u00edzhat\u00f3 term\u00e9keinek \u00e9s rugalmas szolg\u00e1ltat\u00e1sainak k\u00f6sz\u00f6nhet\u0151en. Dinamikus n\u00f6veked\u00e9s vette kezdet\u00e9t \u00e9s k\u00e9t \u00e9v eltelt\u00e9vel m\u00e1r orsz\u00e1gos lefedetts\u00e9get, m\u00edg f\u0151 term\u00e9keiben piacvezet\u0151 m\u00e9retet \u00e9rt el.<\/p><\/div><\/div>\n\n\n\n<div class=\"wp-block-masterplast-left-title-right-content row static-content\"><div class=\"col-12 col-md-4 col-lg-3 offset-lg-1\"><h2 class=\"is-outline\">Dinamikus fejl\u0151d\u00e9s<br\/><\/h2><\/div><div class=\"col-12 col-md-8 col-lg-7\"><p class=\"left\">A k\u00e9tezres \u00e9vekben a partneri ig\u00e9nyek n\u00f6veked\u00e9s\u00e9vel p\u00e1rhuzamosan fejl\u0151d\u00f6tt a v\u00e1llalat term\u00e9kportf\u00f3li\u00f3ja, \u00e9s szolg\u00e1ltat\u00e1sai. A Masterplast Kft. sikerrel l\u00e9pett be a homlokzati h\u0151szigetel\u0151 rendszerek, a sz\u00e1raz\u00e9p\u00edt\u00e9szeti term\u00e9kek, valamint a h\u0151-hang \u00e9s v\u00edz szigetel\u00e9si anyagok piac\u00e1ra is. Emellett folyamatosan fejlesztette sz\u00e1ll\u00edt\u00e1si, term\u00e9kell\u00e1t\u00e1si \u00e9s \u00e9rt\u00e9kes\u00edt\u00e9si rendszer\u00e9t, amelynek k\u00f6sz\u00f6nhet\u0151en a hazai \u00e9p\u00edt\u0151anyag kereskedelmi v\u00e1llalkoz\u00e1sok egyik meghat\u00e1roz\u00f3 partner\u00e9v\u00e9 v\u00e1lt. A Masterplast Kft. kereskedelmi tev\u00e9kenys\u00e9g\u00e9t 2016. j\u00falius 1-t\u0151l Masterplast Hung\u00e1ria Kft. n\u00e9ven folytatja.<\/p><\/div><\/div>\n\n\n\n<div class=\"wp-block-masterplast-left-title-right-content row static-content\"><div class=\"col-12 col-md-4 col-lg-3 offset-lg-1\"><h2 class=\"is-outline\">A Masterplast csoport<br\/><\/h2><\/div><div class=\"col-12 col-md-8 col-lg-7\"><p class=\"left\">A Masterplast ezzel p\u00e1rhuzamosan nemzetk\u00f6zi v\u00e1llalatcsoportt\u00e1 fejl\u0151d\u00f6tt. Eur\u00f3pai r\u00e9gi\u00f3s szint\u0171 nagyv\u00e1llalati m\u00e9retet 2005-re \u00e9rte el, amikorra kialakult a ma is m\u0171k\u00f6d\u0151, 8 orsz\u00e1gra kiterjed\u0151 le\u00e1nyv\u00e1llalati portfoli\u00f3. 2012-t\u0151l kezdve folyamatosan b\u0151v\u00fclni kezdett az export tev\u00e9kenys\u00e9g, aminek k\u00f6sz\u00f6nhet\u0151en 2018-ra a v\u00e1llalat piaci jelenl\u00e9te a vil\u00e1g 41 orsz\u00e1g\u00e1ra terjedt ki.<\/p><\/div><\/div>\n\n\n\n<div class=\"wp-block-masterplast-left-title-right-content row static-content\"><div class=\"col-12 col-md-4 col-lg-3 offset-lg-1\"><h2 class=\"is-outline\">Gy\u00e1rt\u00e1s<\/h2><\/div><div class=\"col-12 col-md-8 col-lg-7\"><p class=\"left\">Versenyk\u00e9pess\u00e9g\u00e9nek \u00e9s term\u00e9kh\u00e1tter\u00e9nek biztos\u00edt\u00e1sa \u00e9rdek\u00e9ben a Masterplast Csoport 2005-t\u0151l saj\u00e1t gy\u00e1rt\u00f3 \u00fczemek l\u00e9tes\u00edt\u00e9s\u00e9t kezdte meg. A v\u00e1llalat m\u00e1ra d\u00f6nt\u0151en saj\u00e1t gy\u00e1rt\u00e1sb\u00f3l fedezi term\u00e9kh\u00e1tter\u00e9t, biztos\u00edtva az \u00e1lland\u00f3 min\u0151s\u00e9get \u00e9s stabil ell\u00e1t\u00e1st partnerei sz\u00e1m\u00e1ra.<\/p><\/div><\/div>\n\n\n\n<div class=\"wp-block-masterplast-left-title-right-content row static-content\"><div class=\"col-12 col-md-4 col-lg-3 offset-lg-1\"><h2 class=\"is-outline\">T\u0151zsd\u00e9n a Masterplast<br\/><\/h2><\/div><div class=\"col-12 col-md-8 col-lg-7\"><p class=\"left\">A Masterplast Csoport n\u00f6vekv\u0151 gy\u00e1rt\u00e1si \u00e9s akviz\u00edci\u00f3s fejleszt\u00e9si terveinek finansz\u00edroz\u00e1s\u00e1ra 2012-ben sikeres t\u0151zsdei tranzakci\u00f3 keret\u00e9ben t\u0151keemel\u00e9st hajtott v\u00e9gre. 2017 okt\u00f3ber\u00e9t\u0151l m\u00e1r a Budapesti \u00c9rt\u00e9kt\u0151zsde pr\u00e9mium kateg\u00f3ri\u00e1j\u00e1ban jegyzik a t\u00e1rsas\u00e1g pap\u00edrjait.<\/p><\/div><\/div>\n\n\n\n<div class=\"wp-block-masterplast-paragraph row static-content\"><div class=\"col-12 col-md-7 offset-md-4\"><br><h2 class=\"center\"><a href=\"\/befektetoknek-2\">Tudjon meg t\u00f6bbet a<br> Masterplast Csoportr\u00f3l<\/a><br><br><\/h2><\/div><\/div>\n\n\n\n<div class=\"wp-block-masterplast-left-title-right-content row static-content\"><div class=\"col-12 col-md-4 col-lg-3 offset-lg-1\"><h2 class=\"is-outline\">Napjainkban<\/h2><\/div><div class=\"col-12 col-md-8 col-lg-7\"><p class=\"left\">Masterplast a k\u00f6z\u00e9p-eur\u00f3pai r\u00e9gi\u00f3 legnagyobb magyar tulajdon\u00fa \u00e9p\u00edt\u0151anyaggy\u00e1rt\u00f3 v\u00e1llalata. A Masterplast Hung\u00e1ria Kft. jelent\u0151s gy\u00e1rt\u00f3-besz\u00e1ll\u00edt\u00f3 partnere a hazai \u00e9p\u00edt\u0151anyag kereskedelmi v\u00e1llalkoz\u00e1soknak. Meghat\u00e1roz\u00f3 poz\u00edci\u00f3val rendelkezik a homlokzati h\u0151szigetel\u0151, magastet\u0151 szigetel\u0151 \u00e9s sz\u00e1raz\u00e9p\u00edt\u00e9szeti rendszerek elemeinek piac\u00e1n. A t\u00f6bb mint 20 \u00e9ves m\u00faltra visszatekint\u0151 Masterplast \u00e9rt\u00e9keit \u00e9s hagyom\u00e1nyait folytatva hossz\u00fat\u00e1von seg\u00edti partnereit a sikeresebb \u00fczleti m\u0171k\u00f6d\u00e9shez, melynek alapja az \u00e1lland\u00f3 min\u0151s\u00e9g biztos\u00edt\u00e1sa a teljes term\u00e9kszortimentben \u00e9s szolg\u00e1ltat\u00e1si csomagban.<\/p><\/div><\/div>\n","protected":false},"excerpt":{"rendered":"<p>Tudjon meg t\u00f6bbet a Masterplast Csoportr\u00f3l<\/p>\n","protected":false},"author":1,"featured_media":2742,"parent":1216,"menu_order":0,"comment_status":"closed","ping_status":"closed","template":"","meta":[],"yoast_head":"<!-- This site is optimized with the Yoast SEO plugin v16.4 - https:\/\/yoast.com\/wordpress\/plugins\/seo\/ -->\n<title>C\u00e9gt\u00f6rt\u00e9net - Masterplast<\/title>\n<meta name=\"robots\" content=\"index, follow, max-snippet:-1, max-image-preview:large, max-video-preview:-1\" \/>\n<link rel=\"canonical\" href=\"https:\/\/masterplastsrlro-legacy.fps2.hu\/hu\/despre-noi\/cegtortenet\/\" \/>\n<meta property=\"og:locale\" content=\"hu_HU\" \/>\n<meta property=\"og:type\" content=\"article\" \/>\n<meta property=\"og:title\" content=\"C\u00e9gt\u00f6rt\u00e9net - Masterplast\" \/>\n<meta property=\"og:description\" content=\"Tudjon meg t\u00f6bbet a Masterplast Csoportr\u00f3l\" \/>\n<meta property=\"og:url\" content=\"https:\/\/masterplastsrlro-legacy.fps2.hu\/hu\/despre-noi\/cegtortenet\/\" \/>\n<meta property=\"og:site_name\" content=\"Masterplast\" \/>\n<meta property=\"article:modified_time\" content=\"2019-02-27T08:17:32+00:00\" \/>\n<meta property=\"og:image\" content=\"https:\/\/www.masterplastsrl.ro\/wp-content\/uploads\/2018\/12\/cegtortenet-fejlec.jpg\" \/>\n\t<meta property=\"og:image:width\" content=\"2200\" \/>\n\t<meta property=\"og:image:height\" content=\"1400\" \/>\n<meta name=\"twitter:card\" content=\"summary_large_image\" \/>\n<meta name=\"twitter:label1\" content=\"Becs\u00fclt olvas\u00e1si id\u0151\" \/>\n\t<meta name=\"twitter:data1\" content=\"3 perc\" \/>\n<script type=\"application\/ld+json\" class=\"yoast-schema-graph\">{\"@context\":\"https:\/\/schema.org\",\"@graph\":[{\"@type\":\"WebSite\",\"@id\":\"https:\/\/masterplastsrlro-legacy.fps2.hu\/#website\",\"url\":\"https:\/\/masterplastsrlro-legacy.fps2.hu\/\",\"name\":\"Masterplast\",\"description\":\"\\u00dczleti szolg\\u00e1ltat\\u00f3 partner a szigetel\\u00e9si megold\\u00e1sokban\",\"potentialAction\":[{\"@type\":\"SearchAction\",\"target\":\"https:\/\/masterplastsrlro-legacy.fps2.hu\/?s={search_term_string}\",\"query-input\":\"required name=search_term_string\"}],\"inLanguage\":\"hu\"},{\"@type\":\"ImageObject\",\"@id\":\"https:\/\/masterplastsrlro-legacy.fps2.hu\/hu\/despre-noi\/cegtortenet\/#primaryimage\",\"inLanguage\":\"hu\",\"url\":\"https:\/\/masterplastsrlro-legacy.fps2.hu\/wp-content\/uploads\/2018\/12\/cegtortenet-fejlec.jpg\",\"contentUrl\":\"https:\/\/masterplastsrlro-legacy.fps2.hu\/wp-content\/uploads\/2018\/12\/cegtortenet-fejlec.jpg\",\"width\":2200,\"height\":1400},{\"@type\":\"WebPage\",\"@id\":\"https:\/\/masterplastsrlro-legacy.fps2.hu\/hu\/despre-noi\/cegtortenet\/#webpage\",\"url\":\"https:\/\/masterplastsrlro-legacy.fps2.hu\/hu\/despre-noi\/cegtortenet\/\",\"name\":\"C\\u00e9gt\\u00f6rt\\u00e9net - Masterplast\",\"isPartOf\":{\"@id\":\"https:\/\/masterplastsrlro-legacy.fps2.hu\/#website\"},\"primaryImageOfPage\":{\"@id\":\"https:\/\/masterplastsrlro-legacy.fps2.hu\/hu\/despre-noi\/cegtortenet\/#primaryimage\"},\"datePublished\":\"2018-12-03T12:42:19+00:00\",\"dateModified\":\"2019-02-27T08:17:32+00:00\",\"breadcrumb\":{\"@id\":\"https:\/\/masterplastsrlro-legacy.fps2.hu\/hu\/despre-noi\/cegtortenet\/#breadcrumb\"},\"inLanguage\":\"hu\",\"potentialAction\":[{\"@type\":\"ReadAction\",\"target\":[\"https:\/\/masterplastsrlro-legacy.fps2.hu\/hu\/despre-noi\/cegtortenet\/\"]}]},{\"@type\":\"BreadcrumbList\",\"@id\":\"https:\/\/masterplastsrlro-legacy.fps2.hu\/hu\/despre-noi\/cegtortenet\/#breadcrumb\",\"itemListElement\":[{\"@type\":\"ListItem\",\"position\":1,\"item\":{\"@type\":\"WebPage\",\"@id\":\"https:\/\/masterplastsrlro-legacy.fps2.hu\/hu\/\",\"url\":\"https:\/\/masterplastsrlro-legacy.fps2.hu\/hu\/\",\"name\":\"Home\"}},{\"@type\":\"ListItem\",\"position\":2,\"item\":{\"@type\":\"WebPage\",\"@id\":\"https:\/\/masterplastsrlro-legacy.fps2.hu\/hu\/despre-noi\/\",\"url\":\"https:\/\/masterplastsrlro-legacy.fps2.hu\/hu\/despre-noi\/\",\"name\":\"Despre noi\"}},{\"@type\":\"ListItem\",\"position\":3,\"item\":{\"@id\":\"https:\/\/masterplastsrlro-legacy.fps2.hu\/hu\/despre-noi\/cegtortenet\/#webpage\"}}]}]}<\/script>\n<!-- \/ Yoast SEO plugin. -->","_links":{"self":[{"href":"https:\/\/masterplastsrlro-legacy.fps2.hu\/hu\/wp-json\/wp\/v2\/pages\/1218"}],"collection":[{"href":"https:\/\/masterplastsrlro-legacy.fps2.hu\/hu\/wp-json\/wp\/v2\/pages"}],"about":[{"href":"https:\/\/masterplastsrlro-legacy.fps2.hu\/hu\/wp-json\/wp\/v2\/types\/page"}],"author":[{"embeddable":true,"href":"https:\/\/masterplastsrlro-legacy.fps2.hu\/hu\/wp-json\/wp\/v2\/users\/1"}],"replies":[{"embeddable":true,"href":"https:\/\/masterplastsrlro-legacy.fps2.hu\/hu\/wp-json\/wp\/v2\/comments?post=1218"}],"version-history":[{"count":2,"href":"https:\/\/masterplastsrlro-legacy.fps2.hu\/hu\/wp-json\/wp\/v2\/pages\/1218\/revisions"}],"predecessor-version":[{"id":6427,"href":"https:\/\/masterplastsrlro-legacy.fps2.hu\/hu\/wp-json\/wp\/v2\/pages\/1218\/revisions\/6427"}],"up":[{"embeddable":true,"href":"https:\/\/masterplastsrlro-legacy.fps2.hu\/hu\/wp-json\/wp\/v2\/pages\/1216"}],"wp:featuredmedia":[{"embeddable":true,"href":"https:\/\/masterplastsrlro-legacy.fps2.hu\/hu\/wp-json\/wp\/v2\/media\/2742"}],"wp:attachment":[{"href":"https:\/\/masterplastsrlro-legacy.fps2.hu\/hu\/wp-json\/wp\/v2\/media?parent=1218"}],"curies":[{"name":"wp","href":"https:\/\/api.w.org\/{rel}","templated":true}]}}