{"id":1220,"date":"2018-12-03T12:49:27","date_gmt":"2018-12-03T12:49:27","guid":{"rendered":"https:\/\/stage.masterplast.hu\/?page_id=1220"},"modified":"2019-02-27T08:19:29","modified_gmt":"2019-02-27T08:19:29","slug":"kuldetesunk","status":"publish","type":"page","link":"https:\/\/masterplastsrlro-legacy.fps2.hu\/hu\/despre-noi\/kuldetesunk\/","title":{"rendered":"K\u00fcldet\u00e9s \u00e9s j\u00f6v\u0151k\u00e9p"},"content":{"rendered":"\n<div class=\"wp-block-masterplast-left-title-right-content row static-content\"><div class=\"col-12 col-md-4 col-lg-3 offset-lg-1\"><h2 class=\"is-outline\">K\u00fcldet\u00e9s<\/h2><\/div><div class=\"col-12 col-md-8 col-lg-7\"><p class=\"left\">A Masterplast Hung\u00e1ria Kft. a partnerek ig\u00e9nyein alapul\u00f3 versenyk\u00e9pes term\u00e9keivel \u00e9s szolg\u00e1ltat\u00e1si portf\u00f3li\u00f3j\u00e1val, a hazai \u00e9p\u00edt\u0151anyag ipar meghat\u00e1roz\u00f3 szerepl\u0151j\u00e9v\u00e9 k\u00edv\u00e1n fejl\u0151dni.<\/p><\/div><\/div>\n\n\n\n<div class=\"wp-block-masterplast-left-title-right-content row static-content\"><div class=\"col-12 col-md-4 col-lg-3 offset-lg-1\"><h2 class=\"is-outline\">J\u00f6v\u0151k\u00e9p<\/h2><\/div><div class=\"col-12 col-md-8 col-lg-7\"><p class=\"left\"><br\/>A Masterplast Hung\u00e1ria Kft. a legnagyobb magyar tulajdon\u00fa \u00e9p\u00edt\u0151anyaggy\u00e1rt\u00f3 v\u00e1llalatcsoport tagjak\u00e9nt meghat\u00e1roz\u00f3 besz\u00e1ll\u00edt\u00f3 partnere a hazai \u00e9p\u00edt\u0151anyag kereskedelmi v\u00e1llalkoz\u00e1soknak.<\/p><\/div><\/div>\n","protected":false},"excerpt":{"rendered":"","protected":false},"author":1,"featured_media":3112,"parent":1216,"menu_order":0,"comment_status":"closed","ping_status":"closed","template":"","meta":[],"yoast_head":"<!-- This site is optimized with the Yoast SEO plugin v16.4 - https:\/\/yoast.com\/wordpress\/plugins\/seo\/ -->\n<title>K\u00fcldet\u00e9s \u00e9s j\u00f6v\u0151k\u00e9p - Masterplast<\/title>\n<meta name=\"robots\" content=\"index, follow, max-snippet:-1, max-image-preview:large, max-video-preview:-1\" \/>\n<link rel=\"canonical\" href=\"https:\/\/masterplastsrlro-legacy.fps2.hu\/hu\/despre-noi\/kuldetesunk\/\" \/>\n<meta property=\"og:locale\" content=\"hu_HU\" \/>\n<meta property=\"og:type\" content=\"article\" \/>\n<meta property=\"og:title\" content=\"K\u00fcldet\u00e9s \u00e9s j\u00f6v\u0151k\u00e9p - Masterplast\" \/>\n<meta property=\"og:url\" content=\"https:\/\/masterplastsrlro-legacy.fps2.hu\/hu\/despre-noi\/kuldetesunk\/\" \/>\n<meta property=\"og:site_name\" content=\"Masterplast\" \/>\n<meta property=\"article:modified_time\" content=\"2019-02-27T08:19:29+00:00\" \/>\n<meta property=\"og:image\" content=\"https:\/\/www.masterplastsrl.ro\/wp-content\/uploads\/2019\/01\/jovokep-head-2200x1400.jpg\" \/>\n\t<meta property=\"og:image:width\" content=\"2200\" \/>\n\t<meta property=\"og:image:height\" content=\"1400\" \/>\n<meta name=\"twitter:card\" content=\"summary_large_image\" \/>\n<script type=\"application\/ld+json\" class=\"yoast-schema-graph\">{\"@context\":\"https:\/\/schema.org\",\"@graph\":[{\"@type\":\"WebSite\",\"@id\":\"https:\/\/masterplastsrlro-legacy.fps2.hu\/#website\",\"url\":\"https:\/\/masterplastsrlro-legacy.fps2.hu\/\",\"name\":\"Masterplast\",\"description\":\"\\u00dczleti szolg\\u00e1ltat\\u00f3 partner a szigetel\\u00e9si megold\\u00e1sokban\",\"potentialAction\":[{\"@type\":\"SearchAction\",\"target\":\"https:\/\/masterplastsrlro-legacy.fps2.hu\/?s={search_term_string}\",\"query-input\":\"required name=search_term_string\"}],\"inLanguage\":\"hu\"},{\"@type\":\"ImageObject\",\"@id\":\"https:\/\/masterplastsrlro-legacy.fps2.hu\/hu\/despre-noi\/kuldetesunk\/#primaryimage\",\"inLanguage\":\"hu\",\"url\":\"https:\/\/masterplastsrlro-legacy.fps2.hu\/wp-content\/uploads\/2019\/01\/jovokep-head-2200x1400.jpg\",\"contentUrl\":\"https:\/\/masterplastsrlro-legacy.fps2.hu\/wp-content\/uploads\/2019\/01\/jovokep-head-2200x1400.jpg\",\"width\":2200,\"height\":1400},{\"@type\":\"WebPage\",\"@id\":\"https:\/\/masterplastsrlro-legacy.fps2.hu\/hu\/despre-noi\/kuldetesunk\/#webpage\",\"url\":\"https:\/\/masterplastsrlro-legacy.fps2.hu\/hu\/despre-noi\/kuldetesunk\/\",\"name\":\"K\\u00fcldet\\u00e9s \\u00e9s j\\u00f6v\\u0151k\\u00e9p - Masterplast\",\"isPartOf\":{\"@id\":\"https:\/\/masterplastsrlro-legacy.fps2.hu\/#website\"},\"primaryImageOfPage\":{\"@id\":\"https:\/\/masterplastsrlro-legacy.fps2.hu\/hu\/despre-noi\/kuldetesunk\/#primaryimage\"},\"datePublished\":\"2018-12-03T12:49:27+00:00\",\"dateModified\":\"2019-02-27T08:19:29+00:00\",\"breadcrumb\":{\"@id\":\"https:\/\/masterplastsrlro-legacy.fps2.hu\/hu\/despre-noi\/kuldetesunk\/#breadcrumb\"},\"inLanguage\":\"hu\",\"potentialAction\":[{\"@type\":\"ReadAction\",\"target\":[\"https:\/\/masterplastsrlro-legacy.fps2.hu\/hu\/despre-noi\/kuldetesunk\/\"]}]},{\"@type\":\"BreadcrumbList\",\"@id\":\"https:\/\/masterplastsrlro-legacy.fps2.hu\/hu\/despre-noi\/kuldetesunk\/#breadcrumb\",\"itemListElement\":[{\"@type\":\"ListItem\",\"position\":1,\"item\":{\"@type\":\"WebPage\",\"@id\":\"https:\/\/masterplastsrlro-legacy.fps2.hu\/hu\/\",\"url\":\"https:\/\/masterplastsrlro-legacy.fps2.hu\/hu\/\",\"name\":\"Home\"}},{\"@type\":\"ListItem\",\"position\":2,\"item\":{\"@type\":\"WebPage\",\"@id\":\"https:\/\/masterplastsrlro-legacy.fps2.hu\/hu\/despre-noi\/\",\"url\":\"https:\/\/masterplastsrlro-legacy.fps2.hu\/hu\/despre-noi\/\",\"name\":\"Despre noi\"}},{\"@type\":\"ListItem\",\"position\":3,\"item\":{\"@id\":\"https:\/\/masterplastsrlro-legacy.fps2.hu\/hu\/despre-noi\/kuldetesunk\/#webpage\"}}]}]}<\/script>\n<!-- \/ Yoast SEO plugin. -->","_links":{"self":[{"href":"https:\/\/masterplastsrlro-legacy.fps2.hu\/hu\/wp-json\/wp\/v2\/pages\/1220"}],"collection":[{"href":"https:\/\/masterplastsrlro-legacy.fps2.hu\/hu\/wp-json\/wp\/v2\/pages"}],"about":[{"href":"https:\/\/masterplastsrlro-legacy.fps2.hu\/hu\/wp-json\/wp\/v2\/types\/page"}],"author":[{"embeddable":true,"href":"https:\/\/masterplastsrlro-legacy.fps2.hu\/hu\/wp-json\/wp\/v2\/users\/1"}],"replies":[{"embeddable":true,"href":"https:\/\/masterplastsrlro-legacy.fps2.hu\/hu\/wp-json\/wp\/v2\/comments?post=1220"}],"version-history":[{"count":2,"href":"https:\/\/masterplastsrlro-legacy.fps2.hu\/hu\/wp-json\/wp\/v2\/pages\/1220\/revisions"}],"predecessor-version":[{"id":6428,"href":"https:\/\/masterplastsrlro-legacy.fps2.hu\/hu\/wp-json\/wp\/v2\/pages\/1220\/revisions\/6428"}],"up":[{"embeddable":true,"href":"https:\/\/masterplastsrlro-legacy.fps2.hu\/hu\/wp-json\/wp\/v2\/pages\/1216"}],"wp:featuredmedia":[{"embeddable":true,"href":"https:\/\/masterplastsrlro-legacy.fps2.hu\/hu\/wp-json\/wp\/v2\/media\/3112"}],"wp:attachment":[{"href":"https:\/\/masterplastsrlro-legacy.fps2.hu\/hu\/wp-json\/wp\/v2\/media?parent=1220"}],"curies":[{"name":"wp","href":"https:\/\/api.w.org\/{rel}","templated":true}]}}