{"id":2704,"date":"2018-12-15T07:58:19","date_gmt":"2018-12-15T07:58:19","guid":{"rendered":"https:\/\/stage.masterplast.hu\/?page_id=2704"},"modified":"2019-02-27T08:10:44","modified_gmt":"2019-02-27T08:10:44","slug":"vallalati-filozofia","status":"publish","type":"page","link":"https:\/\/masterplastsrlro-legacy.fps2.hu\/hu\/despre-noi\/vallalati-filozofia\/","title":{"rendered":"V\u00e1llalati filoz\u00f3fia"},"content":{"rendered":"<h2>\u00d6NMEGHAT\u00c1ROZ\u00c1S<\/h2>\n<p>Masterplast Csoport a k\u00f6z\u00e9p-eur\u00f3pai r\u00e9gi\u00f3 legnagyobb magyar tulajdon\u00fa \u00e9p\u00edt\u0151anyag gy\u00e1rt\u00e1ssal \u00e9s disztrib\u00faci\u00f3val foglalkoz\u00f3 t\u0151zsdei v\u00e1llalata. Meghat\u00e1roz\u00f3 poz\u00edci\u00f3val rendelkezik a homlokzati h\u0151szigetel\u0151, magastet\u0151 szigetel\u0151 \u00e9s sz\u00e1raz\u00e9p\u00edt\u00e9szeti rendszerek elemeinek piac\u00e1n. Le\u00e1nyv\u00e1llalataival 8 k\u00f6z\u00e9p-kelet-eur\u00f3pai orsz\u00e1gban biztos\u00edtja a k\u00f6zvetlen piaci jelenl\u00e9tet \u00e9s export partnerei \u00e1ltal az eur\u00f3pai orsz\u00e1gok t\u00f6bbs\u00e9g\u00e9ben jelen van.<\/p>\n<h2>V\u00c1LLALATI KULT\u00daRA<\/h2>\n<p>A Masterplast siker\u00e9nek alappill\u00e9re az a v\u00e1llalati kult\u00fara, amely a piaci f\u00f3kuszt, az egy\u00e9ni felel\u0151ss\u00e9gv\u00e1llal\u00e1st \u00e9s a v\u00e1llalkoz\u00f3i szellemet helyezi el\u0151t\u00e9rbe. A Masterplast a munkat\u00e1rsak \u00e9rt\u00e9kteremt\u00e9s\u00e9re \u00e9p\u00fcl\u0151 v\u00e1llalat, elk\u00f6telezett a hossz\u00fa t\u00e1v\u00fa munkakapcsolatok \u00e9s az egy\u00e9ni fejl\u0151d\u00e9s fenntart\u00e1sa mellett.<\/p>\n<h2>\u00c9RT\u00c9KEK<\/h2>\n<p>Vev\u0151centrikuss\u00e1g \u2013 Emberi kapcsolatok \u2013 Csapatmunka \u2013 \u00c1lland\u00f3 fejl\u0151d\u00e9s<\/p>\n","protected":false},"excerpt":{"rendered":"<p>\u00d6NMEGHAT\u00c1ROZ\u00c1S Masterplast Csoport a k\u00f6z\u00e9p-eur\u00f3pai r\u00e9gi\u00f3 legnagyobb magyar tulajdon\u00fa \u00e9p\u00edt\u0151anyag gy\u00e1rt\u00e1ssal \u00e9s disztrib\u00faci\u00f3val foglalkoz\u00f3 t\u0151zsdei v\u00e1llalata. Meghat\u00e1roz\u00f3 poz\u00edci\u00f3val rendelkezik a homlokzati h\u0151szigetel\u0151, magastet\u0151 szigetel\u0151 \u00e9s sz\u00e1raz\u00e9p\u00edt\u00e9szeti rendszerek elemeinek piac\u00e1n. Le\u00e1nyv\u00e1llalataival 8 k\u00f6z\u00e9p-kelet-eur\u00f3pai orsz\u00e1gban biztos\u00edtja a k\u00f6zvetlen piaci jelenl\u00e9tet \u00e9s export partnerei \u00e1ltal az eur\u00f3pai orsz\u00e1gok t\u00f6bbs\u00e9g\u00e9ben jelen van. V\u00c1LLALATI KULT\u00daRA A Masterplast siker\u00e9nek alappill\u00e9re az [&hellip;]<\/p>\n","protected":false},"author":3,"featured_media":3148,"parent":1216,"menu_order":0,"comment_status":"closed","ping_status":"closed","template":"","meta":[],"yoast_head":"<!-- This site is optimized with the Yoast SEO plugin v16.4 - https:\/\/yoast.com\/wordpress\/plugins\/seo\/ -->\n<title>V\u00e1llalati filoz\u00f3fia - Masterplast<\/title>\n<meta name=\"robots\" content=\"index, follow, max-snippet:-1, max-image-preview:large, max-video-preview:-1\" \/>\n<link rel=\"canonical\" href=\"https:\/\/masterplastsrlro-legacy.fps2.hu\/hu\/despre-noi\/vallalati-filozofia\/\" \/>\n<meta property=\"og:locale\" content=\"hu_HU\" \/>\n<meta property=\"og:type\" content=\"article\" \/>\n<meta property=\"og:title\" content=\"V\u00e1llalati filoz\u00f3fia - Masterplast\" \/>\n<meta property=\"og:description\" content=\"\u00d6NMEGHAT\u00c1ROZ\u00c1S Masterplast Csoport a k\u00f6z\u00e9p-eur\u00f3pai r\u00e9gi\u00f3 legnagyobb magyar tulajdon\u00fa \u00e9p\u00edt\u0151anyag gy\u00e1rt\u00e1ssal \u00e9s disztrib\u00faci\u00f3val foglalkoz\u00f3 t\u0151zsdei v\u00e1llalata. Meghat\u00e1roz\u00f3 poz\u00edci\u00f3val rendelkezik a homlokzati h\u0151szigetel\u0151, magastet\u0151 szigetel\u0151 \u00e9s sz\u00e1raz\u00e9p\u00edt\u00e9szeti rendszerek elemeinek piac\u00e1n. Le\u00e1nyv\u00e1llalataival 8 k\u00f6z\u00e9p-kelet-eur\u00f3pai orsz\u00e1gban biztos\u00edtja a k\u00f6zvetlen piaci jelenl\u00e9tet \u00e9s export partnerei \u00e1ltal az eur\u00f3pai orsz\u00e1gok t\u00f6bbs\u00e9g\u00e9ben jelen van. V\u00c1LLALATI KULT\u00daRA A Masterplast siker\u00e9nek alappill\u00e9re az [&hellip;]\" \/>\n<meta property=\"og:url\" content=\"https:\/\/masterplastsrlro-legacy.fps2.hu\/hu\/despre-noi\/vallalati-filozofia\/\" \/>\n<meta property=\"og:site_name\" content=\"Masterplast\" \/>\n<meta property=\"article:modified_time\" content=\"2019-02-27T08:10:44+00:00\" \/>\n<meta property=\"og:image\" content=\"https:\/\/www.masterplastsrl.ro\/wp-content\/uploads\/2019\/01\/filozofia-head-2200x1400.jpg\" \/>\n\t<meta property=\"og:image:width\" content=\"2200\" \/>\n\t<meta property=\"og:image:height\" content=\"1400\" \/>\n<meta name=\"twitter:card\" content=\"summary_large_image\" \/>\n<meta name=\"twitter:label1\" content=\"Becs\u00fclt olvas\u00e1si id\u0151\" \/>\n\t<meta name=\"twitter:data1\" content=\"1 perc\" \/>\n<script type=\"application\/ld+json\" class=\"yoast-schema-graph\">{\"@context\":\"https:\/\/schema.org\",\"@graph\":[{\"@type\":\"WebSite\",\"@id\":\"https:\/\/masterplastsrlro-legacy.fps2.hu\/#website\",\"url\":\"https:\/\/masterplastsrlro-legacy.fps2.hu\/\",\"name\":\"Masterplast\",\"description\":\"\\u00dczleti szolg\\u00e1ltat\\u00f3 partner a szigetel\\u00e9si megold\\u00e1sokban\",\"potentialAction\":[{\"@type\":\"SearchAction\",\"target\":\"https:\/\/masterplastsrlro-legacy.fps2.hu\/?s={search_term_string}\",\"query-input\":\"required name=search_term_string\"}],\"inLanguage\":\"hu\"},{\"@type\":\"ImageObject\",\"@id\":\"https:\/\/masterplastsrlro-legacy.fps2.hu\/hu\/despre-noi\/vallalati-filozofia\/#primaryimage\",\"inLanguage\":\"hu\",\"url\":\"https:\/\/masterplastsrlro-legacy.fps2.hu\/wp-content\/uploads\/2019\/01\/filozofia-head-2200x1400.jpg\",\"contentUrl\":\"https:\/\/masterplastsrlro-legacy.fps2.hu\/wp-content\/uploads\/2019\/01\/filozofia-head-2200x1400.jpg\",\"width\":2200,\"height\":1400},{\"@type\":\"WebPage\",\"@id\":\"https:\/\/masterplastsrlro-legacy.fps2.hu\/hu\/despre-noi\/vallalati-filozofia\/#webpage\",\"url\":\"https:\/\/masterplastsrlro-legacy.fps2.hu\/hu\/despre-noi\/vallalati-filozofia\/\",\"name\":\"V\\u00e1llalati filoz\\u00f3fia - Masterplast\",\"isPartOf\":{\"@id\":\"https:\/\/masterplastsrlro-legacy.fps2.hu\/#website\"},\"primaryImageOfPage\":{\"@id\":\"https:\/\/masterplastsrlro-legacy.fps2.hu\/hu\/despre-noi\/vallalati-filozofia\/#primaryimage\"},\"datePublished\":\"2018-12-15T07:58:19+00:00\",\"dateModified\":\"2019-02-27T08:10:44+00:00\",\"breadcrumb\":{\"@id\":\"https:\/\/masterplastsrlro-legacy.fps2.hu\/hu\/despre-noi\/vallalati-filozofia\/#breadcrumb\"},\"inLanguage\":\"hu\",\"potentialAction\":[{\"@type\":\"ReadAction\",\"target\":[\"https:\/\/masterplastsrlro-legacy.fps2.hu\/hu\/despre-noi\/vallalati-filozofia\/\"]}]},{\"@type\":\"BreadcrumbList\",\"@id\":\"https:\/\/masterplastsrlro-legacy.fps2.hu\/hu\/despre-noi\/vallalati-filozofia\/#breadcrumb\",\"itemListElement\":[{\"@type\":\"ListItem\",\"position\":1,\"item\":{\"@type\":\"WebPage\",\"@id\":\"https:\/\/masterplastsrlro-legacy.fps2.hu\/hu\/\",\"url\":\"https:\/\/masterplastsrlro-legacy.fps2.hu\/hu\/\",\"name\":\"Home\"}},{\"@type\":\"ListItem\",\"position\":2,\"item\":{\"@type\":\"WebPage\",\"@id\":\"https:\/\/masterplastsrlro-legacy.fps2.hu\/hu\/despre-noi\/\",\"url\":\"https:\/\/masterplastsrlro-legacy.fps2.hu\/hu\/despre-noi\/\",\"name\":\"Despre noi\"}},{\"@type\":\"ListItem\",\"position\":3,\"item\":{\"@id\":\"https:\/\/masterplastsrlro-legacy.fps2.hu\/hu\/despre-noi\/vallalati-filozofia\/#webpage\"}}]}]}<\/script>\n<!-- \/ Yoast SEO plugin. -->","_links":{"self":[{"href":"https:\/\/masterplastsrlro-legacy.fps2.hu\/hu\/wp-json\/wp\/v2\/pages\/2704"}],"collection":[{"href":"https:\/\/masterplastsrlro-legacy.fps2.hu\/hu\/wp-json\/wp\/v2\/pages"}],"about":[{"href":"https:\/\/masterplastsrlro-legacy.fps2.hu\/hu\/wp-json\/wp\/v2\/types\/page"}],"author":[{"embeddable":true,"href":"https:\/\/masterplastsrlro-legacy.fps2.hu\/hu\/wp-json\/wp\/v2\/users\/3"}],"replies":[{"embeddable":true,"href":"https:\/\/masterplastsrlro-legacy.fps2.hu\/hu\/wp-json\/wp\/v2\/comments?post=2704"}],"version-history":[{"count":1,"href":"https:\/\/masterplastsrlro-legacy.fps2.hu\/hu\/wp-json\/wp\/v2\/pages\/2704\/revisions"}],"predecessor-version":[{"id":6417,"href":"https:\/\/masterplastsrlro-legacy.fps2.hu\/hu\/wp-json\/wp\/v2\/pages\/2704\/revisions\/6417"}],"up":[{"embeddable":true,"href":"https:\/\/masterplastsrlro-legacy.fps2.hu\/hu\/wp-json\/wp\/v2\/pages\/1216"}],"wp:featuredmedia":[{"embeddable":true,"href":"https:\/\/masterplastsrlro-legacy.fps2.hu\/hu\/wp-json\/wp\/v2\/media\/3148"}],"wp:attachment":[{"href":"https:\/\/masterplastsrlro-legacy.fps2.hu\/hu\/wp-json\/wp\/v2\/media?parent=2704"}],"curies":[{"name":"wp","href":"https:\/\/api.w.org\/{rel}","templated":true}]}}