{"id":2731,"date":"2018-12-15T08:57:00","date_gmt":"2018-12-15T08:57:00","guid":{"rendered":"https:\/\/stage.masterplast.hu\/?page_id=2731"},"modified":"2019-04-01T10:26:16","modified_gmt":"2019-04-01T10:26:16","slug":"gyartas","status":"publish","type":"page","link":"https:\/\/masterplastsrlro-legacy.fps2.hu\/hu\/despre-noi\/gyartas\/","title":{"rendered":"Gy\u00e1rt\u00e1s"},"content":{"rendered":"\n<div class=\"wp-block-masterplast-lead row static-content\"><div class=\"col-12 col-lg-10 offset-lg-1\"><div class=\"lead left\">A Masterplast Hung\u00e1ria Kft. partnerei sz\u00e1m\u00e1ra a Masterplast Csoport saj\u00e1t gy\u00e1rt\u00e1ssal biztos\u00edtja az egyedi vev\u0151i term\u00e9kig\u00e9nyek kiszolg\u00e1l\u00e1s\u00e1nak h\u00e1tter\u00e9t, a folyamatosan b\u0151v\u00fcl\u0151 szak\u00e9rtelem \u00e9s termel\u00e9si min\u0151s\u00e9g biztos\u00edt\u00e1sa mellett. CE jeles, min\u0151s\u00edtett term\u00e9keink az eur\u00f3pai min\u0151s\u00e9gi k\u00f6vetelm\u00e9nyeknek mindenben megfelelnek.<\/div><\/div><\/div>\n\n\n\n<div class=\"wp-block-masterplast-static-single-image row is-media static-content\"><div class=\"col-12 col-lg-8 offset-lg-3\"><div class=\"img-wrapper\"><img src=\"https:\/\/www.masterplast.hu\/wp-content\/uploads\/2019\/04\/szabadka.jpg\"\/><div class=\"image-title\">Szabadkai gy\u00e1rt\u00f3b\u00e1zis<br\/><\/div><\/div><\/div><\/div>\n\n\n\n<div class=\"wp-block-masterplast-left-title-right-content row static-content\"><div class=\"col-12 col-md-4 col-lg-3 offset-lg-1\"><h2 class=\"is-outline\">Szerbia, Szabadkai gy\u00e1rt\u00f3b\u00e1zis<br\/><\/h2><\/div><div class=\"col-12 col-md-8 col-lg-7\"><p class=\"left\">A Masterplast Csoport legnagyobb \u00e9s leggyorsabban fejl\u0151d\u0151 gy\u00e1rt\u00f3b\u00e1zisa tal\u00e1lhat\u00f3 a szerbiai Szabadk\u00e1n. A gy\u00e1rt\u00f3 komplexumban \u00e9p\u00edt\u0151ipari \u00e9s ipari felhaszn\u00e1l\u00e1s\u00fa \u00fcvegsz\u00f6vet term\u00e9keket, EPS polisztirolt \u00e9s ETICS rendszer kieg\u00e9sz\u00edt\u0151 profilokat \u00e1ll\u00edtunk el\u0151 eur\u00f3pai min\u0151s\u00e9gben. A gy\u00e1rt\u00f3b\u00e1zison t\u00f6bb, mint 400 munkat\u00e1rsat sz\u00e1ml\u00e1l\u00f3 csapat dolgozik az \u00e1lland\u00f3 min\u0151s\u00e9g, a stabil term\u00e9kell\u00e1t\u00e1s \u00e9s a versenyk\u00e9pes gy\u00e1rt\u00f3i szolg\u00e1ltat\u00e1sok biztos\u00edt\u00e1s\u00e1n.<br\/><br\/><strong>\u00dcVEGSZ\u00d6VET GY\u00c1RT\u00c1S<\/strong><br\/>2015-t\u0151l kezd\u0151d\u0151en nagyl\u00e9pt\u00e9k\u0171 gy\u00e1rt\u00e1sfejleszt\u00e9si beruh\u00e1z\u00e1sokat k\u00f6vet\u0151en j\u00f6tt l\u00e9tre a hagyom\u00e1nyos \u00e9s a legmodernebb automatiz\u00e1lt n\u00e9met technol\u00f3gi\u00e1t is felvonultat\u00f3 \u00fcvegsz\u00f6vet gy\u00e1rt\u00f3egys\u00e9g\u00fcnk, amely 100 milli\u00f3 n\u00e9gyzetm\u00e9teres kapacit\u00e1s\u00e1val Eur\u00f3pa 3. legnagyobb gy\u00e1rt\u00f3j\u00e1v\u00e1 tette a Masterplast csoportot. Az \u00e9p\u00edt\u0151ipari \u00fcvegsz\u00f6vet term\u00e9kek \u00e9s a MASTERNET term\u00e9kcsal\u00e1d sz\u00e9les palett\u00e1j\u00e1t el\u0151\u00e1ll\u00edt\u00f3 \u00fczemben rugalmas gy\u00e1rt\u00f3i szolg\u00e1ltat\u00e1sokkal biztos\u00edtjuk a Masterplast Hung\u00e1ria Kft. partnerei sz\u00e1m\u00e1ra az eur\u00f3pai min\u0151s\u00e9get \u00e9s megb\u00edzhat\u00f3 term\u00e9kh\u00e1tteret.<br\/><br\/><strong>EPS POLISZTIROL GY\u00c1RT\u00c1S<\/strong><br\/>A modern, k\u00f6rnyezetbar\u00e1t n\u00e9met technol\u00f3gi\u00e1val 2008-ban l\u00e9tes\u00fclt EPS polisztirol gy\u00e1rt\u00f3 \u00fczemegys\u00e9gben az ETICS rendszerek EPS szigetel\u0151magja \u00e9s egy\u00e9b magas\u00e9p\u00edt\u00e9si EPS szigetel\u00e9si term\u00e9kmegold\u00e1sok gy\u00e1rt\u00e1sa folyik. Folyamatos term\u00e9kfejleszt\u00e9seink r\u00e9v\u00e9n m\u00e1r sz\u00e9les palett\u00e1t k\u00edn\u00e1lunk grafitos polisztirol term\u00e9kekb\u0151l is. <br\/>A Masterplast Hung\u00e1ria Kft. a Magyar EPS Gy\u00e1rt\u00f3k Sz\u00f6vets\u00e9g\u00e9nek (MEPS) tagjak\u00e9nt elk\u00f6telezett a min\u0151s\u00e9gi szigetel\u0151anyagok gy\u00e1rt\u00e1s\u00e1ban, \u00e9s t\u00e1mogatja a hazai \u00e9p\u00edt\u00e9si tud\u00e1s \u00e9s kult\u00fara fejl\u0151d\u00e9s\u00e9t. A HUNGAROCELL \u00e9s ISOMASTER EPS term\u00e9keink folyamatosan n\u00f6vekv\u0151 piaci n\u00e9pszer\u0171s\u00e9ge, a min\u0151s\u00e9gi t\u00f6rekv\u00e9seink elismer\u00e9se.<br\/><br\/><strong>ETICS PROFILOK<\/strong><br\/>A homlokzati h\u0151szigetel\u0151 rendszerek kieg\u00e9sz\u00edt\u0151 h\u00e1l\u00f3s \u00e9lv\u00e9d\u0151 profilj\u00e1t gy\u00e1rtjuk az eur\u00f3pai rendszer k\u00f6vetelm\u00e9nyeknek megfelel\u0151 min\u0151s\u00e9gben.<\/p><\/div><\/div>\n\n\n\n<div class=\"wp-block-masterplast-static-single-image row is-media static-content\"><div class=\"col-12 col-lg-8 offset-lg-3\"><div class=\"img-wrapper\"><img src=\"https:\/\/www.masterplast.hu\/wp-content\/uploads\/2019\/04\/kal.jpg\"\/><div class=\"image-title\">K\u00e1li gy\u00e1rt\u00f3b\u00e1zis<\/div><\/div><\/div><\/div>\n\n\n\n<div class=\"wp-block-masterplast-left-title-right-content row static-content\"><div class=\"col-12 col-md-4 col-lg-3 offset-lg-1\"><h2 class=\"is-outline\">Magyarorsz\u00e1g, <br\/>K\u00e1li gy\u00e1rt\u00f3b\u00e1zis<br\/><\/h2><\/div><div class=\"col-12 col-md-8 col-lg-7\"><p class=\"left\">A Masterplast Csoport els\u0151 gy\u00e1rt\u00f3b\u00e1zis\u00e1n 2005-ben kezd\u0151d\u00f6tt meg a termel\u00e9s. A habos\u00edtott polietil\u00e9n \u00e9s sz\u00e1raz\u00e9p\u00edt\u00e9szeti profilok gy\u00e1rt\u00e1s\u00e1t ell\u00e1t\u00f3 \u00fczemegys\u00e9gekben ISO9001 \u00e9s ISO14001 T\u00dcV min\u0151s\u00e9gbiztos\u00edt\u00e1s mellett m\u0171k\u00f6dik a termel\u00e9s. A kapacit\u00e1sn\u00f6vel\u00e9si \u00e9s technol\u00f3giai fejleszt\u00e9sek mellett az eur\u00f3pai munkak\u00f6r\u00fclm\u00e9nyek biztos\u00edt\u00e1s\u00e1ra is nagy hangs\u00falyt fektet\u00fcnk, aminek k\u00f6sz\u00f6nhet\u0151en ma m\u00e1r k\u00f6zel 100 munkat\u00e1rsunk dolgozik a telephelyen.<br\/><br\/><strong>MASTERFOAM <\/strong><br\/>Z\u00e1rt cell\u00e1s, habos\u00edtott polietil\u00e9n habf\u00f3lia term\u00e9kek gy\u00e1rt\u00e1s\u00e1t v\u00e9gezz\u00fck modern technol\u00f3gi\u00e1val.<br\/>\u00c9p\u00edt\u0151ipari felhaszn\u00e1l\u00e1s\u00fa ISOFOAM term\u00e9keink els\u0151sorban padl\u00f3al\u00e1t\u00e9tk\u00e9nt aljzatkiegyenl\u00edt\u00e9si, valamint h\u0151-\u00e9s hangszigetlel\u00e9si feladatokat l\u00e1tnak el. A \u201eperemszeg\u00e9lynek\u201d nevezett k\u00fcl\u00f6nb\u00f6z\u0151 sz\u00e9less\u00e9g\u0171 \u00e9s jellemz\u0151en 5-10mm vastag habcs\u00edkokat az aljzat \u00e9s a fal k\u00f6z\u00f6tt dilat\u00e1ci\u00f3s \u00e9s h\u0151szigetel\u0151 cs\u00edkk\u00e9nt haszn\u00e1lj\u00e1k.<br\/><br\/><strong>MASTERPROFIL<\/strong><br\/>A Masterplast Hung\u00e1ria Kft. k\u00edn\u00e1lat\u00e1ban jelent\u0151s \u00e9s k\u00f6zkedvelt sz\u00e1raz\u00e9p\u00edt\u00e9szeti profilok term\u00e9kell\u00e1t\u00e1s\u00e1t, teljes m\u00e9ret \u00e9s t\u00edpusv\u00e1laszt\u00e9kkal, \u00e1lland\u00f3 min\u0151s\u00e9gben \u00e9s megn\u00f6velt kapacit\u00e1ssal l\u00e1tjuk el K\u00e1li \u00fczem\u00fcnk termel\u00e9s\u00e9b\u0151l. Sz\u00e1raz\u00e9p\u00edt\u00e9szeti profil term\u00e9keink a harmoniz\u00e1lt eur\u00f3pai szabv\u00e1nynak megfelelnek, CE jellel rendelkeznek, valamint a magyar A-256\/2015 Nemzeti M\u0171szaki \u00c9rt\u00e9kel\u00e9sben vizsg\u00e1lt t\u0171zv\u00e9delmi \u00e9s zajv\u00e9delmi k\u00f6vetelm\u00e9nyeknek is mindenben megfelelnek.<\/p><\/div><\/div>\n\n\n\n<div class=\"wp-block-masterplast-static-single-image row is-media static-content\"><div class=\"col-12 col-lg-8 offset-lg-3\"><div class=\"img-wrapper\"><img src=\"https:\/\/www.masterplast.hu\/wp-content\/uploads\/2019\/04\/hungaria-legifoto-1600x500.jpg\"\/><div class=\"image-title\">S\u00e1rszentmih\u00e1ly, Masterplast k\u00f6zponti telephelye<\/div><\/div><\/div><\/div>\n\n\n\n<div class=\"wp-block-masterplast-left-title-right-content row static-content\"><div class=\"col-12 col-md-4 col-lg-3 offset-lg-1\"><h2 class=\"is-outline\">Magyarorsz\u00e1g, S\u00e1rszentmih\u00e1ly gy\u00e1rt\u00f3b\u00e1zis<\/h2><\/div><div class=\"col-12 col-md-8 col-lg-7\"><p class=\"left\">K\u00f6zponti telephely\u00fcnk\u00f6n a Mastermax \u00e9s Masterfol term\u00e9kcsal\u00e1dhoz kapcsol\u00f3d\u00f3 egyedi vev\u0151i term\u00e9kig\u00e9nyek kiszolg\u00e1l\u00e1s\u00e1t l\u00e1tjuk el gy\u00e1rt\u00e1si r\u00e9szfeladatokat v\u00e9gz\u0151 \u00fczem\u00fcnkben. Sz\u00e9les k\u00f6r\u0171 perszonaliz\u00e1l\u00e1si \u00e9s konfekcion\u00e1l\u00e1si szolg\u00e1ltat\u00e1sainknak k\u00f6sz\u00f6nhet\u0151en eur\u00f3pai min\u0151s\u00e9g\u0171 egyedi term\u00e9kek el\u0151\u00e1ll\u00edt\u00e1sa v\u00e1lik val\u00f3ra stabil term\u00e9kell\u00e1t\u00e1s mellett.\u00a0<\/p><\/div><\/div>\n","protected":false},"excerpt":{"rendered":"","protected":false},"author":3,"featured_media":7067,"parent":1216,"menu_order":0,"comment_status":"closed","ping_status":"closed","template":"","meta":[],"yoast_head":"<!-- This site is optimized with the Yoast SEO plugin v16.4 - https:\/\/yoast.com\/wordpress\/plugins\/seo\/ -->\n<title>Gy\u00e1rt\u00e1s - Masterplast<\/title>\n<meta name=\"robots\" content=\"index, follow, max-snippet:-1, max-image-preview:large, max-video-preview:-1\" \/>\n<link rel=\"canonical\" href=\"https:\/\/masterplastsrlro-legacy.fps2.hu\/hu\/despre-noi\/gyartas\/\" \/>\n<meta property=\"og:locale\" content=\"hu_HU\" \/>\n<meta property=\"og:type\" content=\"article\" \/>\n<meta property=\"og:title\" content=\"Gy\u00e1rt\u00e1s - Masterplast\" \/>\n<meta property=\"og:url\" content=\"https:\/\/masterplastsrlro-legacy.fps2.hu\/hu\/despre-noi\/gyartas\/\" \/>\n<meta property=\"og:site_name\" content=\"Masterplast\" \/>\n<meta property=\"article:modified_time\" content=\"2019-04-01T10:26:16+00:00\" \/>\n<meta property=\"og:image\" content=\"https:\/\/www.masterplastsrl.ro\/wp-content\/uploads\/2019\/03\/eps-gyartas-2200x1400.jpg\" \/>\n\t<meta property=\"og:image:width\" content=\"2200\" \/>\n\t<meta property=\"og:image:height\" content=\"1400\" \/>\n<meta name=\"twitter:card\" content=\"summary_large_image\" \/>\n<meta name=\"twitter:label1\" content=\"Becs\u00fclt olvas\u00e1si id\u0151\" \/>\n\t<meta name=\"twitter:data1\" content=\"4 perc\" \/>\n<script type=\"application\/ld+json\" class=\"yoast-schema-graph\">{\"@context\":\"https:\/\/schema.org\",\"@graph\":[{\"@type\":\"WebSite\",\"@id\":\"https:\/\/masterplastsrlro-legacy.fps2.hu\/#website\",\"url\":\"https:\/\/masterplastsrlro-legacy.fps2.hu\/\",\"name\":\"Masterplast\",\"description\":\"\\u00dczleti szolg\\u00e1ltat\\u00f3 partner a szigetel\\u00e9si megold\\u00e1sokban\",\"potentialAction\":[{\"@type\":\"SearchAction\",\"target\":\"https:\/\/masterplastsrlro-legacy.fps2.hu\/?s={search_term_string}\",\"query-input\":\"required name=search_term_string\"}],\"inLanguage\":\"hu\"},{\"@type\":\"ImageObject\",\"@id\":\"https:\/\/masterplastsrlro-legacy.fps2.hu\/hu\/despre-noi\/gyartas\/#primaryimage\",\"inLanguage\":\"hu\",\"url\":\"https:\/\/masterplastsrlro-legacy.fps2.hu\/wp-content\/uploads\/2019\/03\/eps-gyartas-2200x1400.jpg\",\"contentUrl\":\"https:\/\/masterplastsrlro-legacy.fps2.hu\/wp-content\/uploads\/2019\/03\/eps-gyartas-2200x1400.jpg\",\"width\":2200,\"height\":1400},{\"@type\":\"WebPage\",\"@id\":\"https:\/\/masterplastsrlro-legacy.fps2.hu\/hu\/despre-noi\/gyartas\/#webpage\",\"url\":\"https:\/\/masterplastsrlro-legacy.fps2.hu\/hu\/despre-noi\/gyartas\/\",\"name\":\"Gy\\u00e1rt\\u00e1s - Masterplast\",\"isPartOf\":{\"@id\":\"https:\/\/masterplastsrlro-legacy.fps2.hu\/#website\"},\"primaryImageOfPage\":{\"@id\":\"https:\/\/masterplastsrlro-legacy.fps2.hu\/hu\/despre-noi\/gyartas\/#primaryimage\"},\"datePublished\":\"2018-12-15T08:57:00+00:00\",\"dateModified\":\"2019-04-01T10:26:16+00:00\",\"breadcrumb\":{\"@id\":\"https:\/\/masterplastsrlro-legacy.fps2.hu\/hu\/despre-noi\/gyartas\/#breadcrumb\"},\"inLanguage\":\"hu\",\"potentialAction\":[{\"@type\":\"ReadAction\",\"target\":[\"https:\/\/masterplastsrlro-legacy.fps2.hu\/hu\/despre-noi\/gyartas\/\"]}]},{\"@type\":\"BreadcrumbList\",\"@id\":\"https:\/\/masterplastsrlro-legacy.fps2.hu\/hu\/despre-noi\/gyartas\/#breadcrumb\",\"itemListElement\":[{\"@type\":\"ListItem\",\"position\":1,\"item\":{\"@type\":\"WebPage\",\"@id\":\"https:\/\/masterplastsrlro-legacy.fps2.hu\/hu\/\",\"url\":\"https:\/\/masterplastsrlro-legacy.fps2.hu\/hu\/\",\"name\":\"Home\"}},{\"@type\":\"ListItem\",\"position\":2,\"item\":{\"@type\":\"WebPage\",\"@id\":\"https:\/\/masterplastsrlro-legacy.fps2.hu\/hu\/despre-noi\/\",\"url\":\"https:\/\/masterplastsrlro-legacy.fps2.hu\/hu\/despre-noi\/\",\"name\":\"Despre noi\"}},{\"@type\":\"ListItem\",\"position\":3,\"item\":{\"@id\":\"https:\/\/masterplastsrlro-legacy.fps2.hu\/hu\/despre-noi\/gyartas\/#webpage\"}}]}]}<\/script>\n<!-- \/ Yoast SEO plugin. -->","_links":{"self":[{"href":"https:\/\/masterplastsrlro-legacy.fps2.hu\/hu\/wp-json\/wp\/v2\/pages\/2731"}],"collection":[{"href":"https:\/\/masterplastsrlro-legacy.fps2.hu\/hu\/wp-json\/wp\/v2\/pages"}],"about":[{"href":"https:\/\/masterplastsrlro-legacy.fps2.hu\/hu\/wp-json\/wp\/v2\/types\/page"}],"author":[{"embeddable":true,"href":"https:\/\/masterplastsrlro-legacy.fps2.hu\/hu\/wp-json\/wp\/v2\/users\/3"}],"replies":[{"embeddable":true,"href":"https:\/\/masterplastsrlro-legacy.fps2.hu\/hu\/wp-json\/wp\/v2\/comments?post=2731"}],"version-history":[{"count":2,"href":"https:\/\/masterplastsrlro-legacy.fps2.hu\/hu\/wp-json\/wp\/v2\/pages\/2731\/revisions"}],"predecessor-version":[{"id":7088,"href":"https:\/\/masterplastsrlro-legacy.fps2.hu\/hu\/wp-json\/wp\/v2\/pages\/2731\/revisions\/7088"}],"up":[{"embeddable":true,"href":"https:\/\/masterplastsrlro-legacy.fps2.hu\/hu\/wp-json\/wp\/v2\/pages\/1216"}],"wp:featuredmedia":[{"embeddable":true,"href":"https:\/\/masterplastsrlro-legacy.fps2.hu\/hu\/wp-json\/wp\/v2\/media\/7067"}],"wp:attachment":[{"href":"https:\/\/masterplastsrlro-legacy.fps2.hu\/hu\/wp-json\/wp\/v2\/media?parent=2731"}],"curies":[{"name":"wp","href":"https:\/\/api.w.org\/{rel}","templated":true}]}}