{"id":5184,"date":"2019-02-13T09:28:29","date_gmt":"2019-02-13T09:28:29","guid":{"rendered":"https:\/\/stage.masterplast.hu\/?page_id=5184"},"modified":"2019-04-01T12:24:16","modified_gmt":"2019-04-01T12:24:16","slug":"tarsadalmi-felelossegvallalas","status":"publish","type":"page","link":"https:\/\/masterplastsrlro-legacy.fps2.hu\/hu\/tarsadalmi-felelossegvallalas\/","title":{"rendered":"T\u00e1rsadalmi felel\u0151ss\u00e9gv\u00e1llal\u00e1s"},"content":{"rendered":"\n<div class=\"wp-block-masterplast-left-title-right-content row static-content\"><div class=\"col-12 col-md-4 col-lg-3 offset-lg-1\"><h2 class=\"is-outline\">Legy\u00fcnk egy\u00fctt gyermekment\u0151k<br\/><\/h2><\/div><div class=\"col-12 col-md-8 col-lg-7\"><p class=\"left\"><br\/>A Masterplast Hung\u00e1ria Kft. a t\u00e1rsadalmi felel\u0151ss\u00e9gv\u00e1llal\u00e1s elk\u00f6telezett h\u00edvek\u00e9nt munkat\u00e1rsai \u00e9s partnerei seg\u00edts\u00e9g\u00e9vel \u00e9vek \u00f3ta t\u00e1mogatja p\u00e9nzadom\u00e1nyokkal a Magyar Gyermekment\u0151 Alap\u00edtv\u00e1nyt. <br\/><br\/>A Magyar Gyermekment\u0151 Alap\u00edtv\u00e1ny 13 \u00e9ve \u00fczemeltet gyermek-ment\u0151orvosi kocsikat az orsz\u00e1g t\u00f6bb pontj\u00e1n. Indul\u00e1skor c\u00e9ljuk a gyermekek korszer\u0171 ment\u0151ell\u00e1t\u00e1s\u00e1nak jav\u00edt\u00e1sa volt egy\u00fcttm\u0171k\u00f6d\u00e9sben az Orsz\u00e1gos Ment\u0151szolg\u00e1lattal. A ment\u0151aut\u00f3kat az OMSZ ir\u00e1ny\u00edtja a 112-re befut\u00f3 seg\u00e9lyk\u00e9r\u0151 h\u00edv\u00e1sok alapj\u00e1n. A ment\u0151orvosi kocsi szem\u00e9lyzete egy gyermekell\u00e1t\u00e1sban j\u00e1rtas ment\u0151orvosb\u00f3l \u00e9s egy ment\u0151\u00e1pol\u00f3b\u00f3l \u00e1ll, aki egyben a g\u00e9pkocsi vezet\u0151je is. Felszerel\u00e9se egy norm\u00e1l rohamkocsi\u00e9hoz k\u00e9pest b\u0151vebb, mivel a gyermekek ell\u00e1t\u00e1s\u00e1hoz sz\u00fcks\u00e9ges speci\u00e1lis gy\u00f3gyszerekkel \u00e9s egyedi m\u00e9retv\u00e1laszt\u00e9k\u00fa eszk\u00f6z\u00f6kkel is kieg\u00e9sz\u00fcl. Ennek \u00e9s a mindennapi rutinnak k\u00f6sz\u00f6nhet\u0151en az alap\u00edtv\u00e1ny orvosai \u00e9s \u00e1pol\u00f3i sokkal felk\u00e9sz\u00fcltebben tudj\u00e1k ell\u00e1tni a legkisebbeket.<\/p><\/div><\/div>\n\n\n\n<div class=\"wp-block-masterplast-static-single-image row is-media static-content\"><div class=\"col-12 col-lg-8 offset-lg-3\"><div class=\"img-wrapper\"><img src=\"https:\/\/www.masterplast.hu\/wp-content\/uploads\/2019\/02\/mgya-tartalom.jpg\"\/><div class=\"image-title\"><\/div><\/div><\/div><\/div>\n\n\n\n<div class=\"wp-block-masterplast-paragraph row static-content\"><div class=\"col-12 col-md-7 offset-md-4\"><p class=\"left\">A ment\u0151ell\u00e1t\u00e1si feladatok mellett r\u00e9g\u00f3ta \u00fatt\u00f6r\u0151 szerepet v\u00e1llal a gyermekment\u00e9s ter\u00fclet\u00e9n az \u00faj eszk\u00f6z\u00f6k, elj\u00e1r\u00e1sok felkutat\u00e1s\u00e1ban \u00e9s azok hazai elterjeszt\u00e9s\u00e9ben, valamint komoly hangs\u00falyt fektet a balesetmegel\u0151z\u00e9si \u00e9s els\u0151seg\u00e9lyny\u00fajt\u00e1si ismeretek oktat\u00e1s\u00e1ra is. A Magyar Gyermekment\u0151 Alap\u00edtv\u00e1ny fenntart\u00e1s\u00e1t a felaj\u00e1nlott 1%-okb\u00f3l finansz\u00edrozz\u00e1k. Eszk\u00f6zeiket pedig egy\u00e9b adom\u00e1nyokb\u00f3l szerzik be.<br\/>A dolgoz\u00f3i kezdem\u00e9nyez\u00e9sre 2015-ben elindult egy\u00fcttm\u0171k\u00f6d\u00e9s keret\u00e9ben speci\u00e1lis orvosi diagnosztikai \u00e9s oktat\u00e1si eszk\u00f6z\u00f6k beszerz\u00e9s\u00e9ben ny\u00fajtunk c\u00e9lzott seg\u00edts\u00e9get. Hagyom\u00e1nyos \u00e9v v\u00e9gi \u201eLegy\u00fcnk egy\u00fctt gyermekment\u0151k\u201d akci\u00f3nk keret\u00e9ben partnereink v\u00e1s\u00e1rl\u00e1saikkal j\u00e1rulnak hozz\u00e1 az adom\u00e1ny p\u00e9nzalapj\u00e1hoz. A Masterplast Hung\u00e1ria Kft. tov\u00e1bbi saj\u00e1t adom\u00e1ny\u00e1val kieg\u00e9sz\u00edtve gy\u0171lik \u00f6ssze az el\u0151zetesen megc\u00e9lzott eszk\u00f6z beszerz\u00e9s\u00e9hez sz\u00fcks\u00e9ges \u00f6sszeg.<br\/>B\u00fcszk\u00e9k vagyunk r\u00e1, hogy az eltelt \u00e9vek alatt a partnereinkkel k\u00f6z\u00f6s \u00f6sszefog\u00e1sunk r\u00e9v\u00e9n siker\u00fclt az alap\u00edtv\u00e1ny sz\u00e1m\u00e1ra k\u00f6zel 5 milli\u00f3 forint p\u00e9nzadom\u00e1nyt \u00e1tadni. A t\u00e1mogat\u00e1sokb\u00f3l speci\u00e1lis gyermek \u00e9letment\u00e9si oktat\u00e1shoz haszn\u00e1lhat\u00f3 modern pr\u00f3babab\u00e1k \u00e9s mobil minilabor eszk\u00f6z\u00f6k beszerz\u00e9sei val\u00f3sultak meg. <\/p><\/div><\/div>\n\n\n\n<div class=\"wp-block-masterplast-paragraph row static-content\"><div class=\"col-12 col-md-7 offset-md-4\"><p class=\"left\"><h3>Az egy\u00fcttm\u0171k\u00f6d\u00e9st folytatjuk, k\u00f6sz\u00f6nj\u00fck partnereink t\u00e1mogat\u00e1s\u00e1t!<\/h3><\/p><\/div><\/div>\n\n\n\n<div class=\"wp-block-masterplast-left-title-right-content row static-content\"><div class=\"col-12 col-md-4 col-lg-3 offset-lg-1\"><h2 class=\"is-outline\">Masterplast &#8211; MGYA els\u0151seg\u00e9ly ny\u00fajt\u00f3 tanfolyam pedag\u00f3gusoknak<\/h2><\/div><div class=\"col-12 col-md-8 col-lg-7\"><p class=\"left\"><br\/>Az egy\u00fcttm\u0171k\u00f6d\u00e9s \u00faj elemek\u00e9nt 2018-ban siker\u00fclt \u00e9letre h\u00edvni a Masterplast \u2013 MGYA els\u0151seg\u00e9ly ny\u00fajt\u00f3 tanfolyam sorozatot oktat\u00e1si int\u00e9zm\u00e9nyek sz\u00e1m\u00e1ra. <br\/>A 2018\/19-es tan\u00e9vben a magyar k\u00f6znevel\u00e9sben t\u00f6bb mint 1.686.000 di\u00e1k \u00e9s 77.600 tan\u00e1r vesz r\u00e9szt. Mivel eg\u00e9szs\u00e9g\u00fcgyi v\u00e9szhelyzet eset\u00e9n az els\u0151 n\u00e9h\u00e1ny perc kulcsfontoss\u00e1g\u00fa, fontos hogy a di\u00e1kokkal foglalkoz\u00f3 pedag\u00f3gusok is rendelkezzenek a megfelel\u0151 ismeretekkel. Ezt felismerve ind\u00edtottuk el a m\u00falt \u00e9v v\u00e9g\u00e9n a \u201eMasterplast els\u0151seg\u00e9lyny\u00fajt\u00f3 tanfolyamot\u201d a Magyar Gyermekment\u0151 Alap\u00edtv\u00e1nnyal k\u00f6z\u00f6sen, ahol a szakemberek bemutatj\u00e1k a pedag\u00f3gusoknak, mit kell tenni\u00fck v\u00e9szhelyzet eset\u00e9n. <br\/>Az eddigi k\u00e9pz\u00e9seken eddig m\u00e1r t\u00f6bb, mint 250 pedag\u00f3gus vett r\u00e9szt. A Masterplast c\u00e9lja, hogy a v\u00e1rosi szintr\u0151l megyei szintre, majd hosszabb t\u00e1von orsz\u00e1gos szint\u0171re emelje els\u0151seg\u00e9lyny\u00fajt\u00f3 oktat\u00e1si programj\u00e1t.<br\/><\/p><\/div><\/div>\n","protected":false},"excerpt":{"rendered":"<p>Az egy\u00fcttm\u0171k\u00f6d\u00e9st folytatjuk, k\u00f6sz\u00f6nj\u00fck partnereink t\u00e1mogat\u00e1s\u00e1t!<\/p>\n","protected":false},"author":3,"featured_media":5233,"parent":0,"menu_order":0,"comment_status":"closed","ping_status":"closed","template":"","meta":[],"yoast_head":"<!-- This site is optimized with the Yoast SEO plugin v16.4 - https:\/\/yoast.com\/wordpress\/plugins\/seo\/ -->\n<title>T\u00e1rsadalmi felel\u0151ss\u00e9gv\u00e1llal\u00e1s - Masterplast<\/title>\n<meta name=\"robots\" content=\"index, follow, max-snippet:-1, max-image-preview:large, max-video-preview:-1\" \/>\n<link rel=\"canonical\" href=\"https:\/\/masterplastsrlro-legacy.fps2.hu\/hu\/tarsadalmi-felelossegvallalas\/\" \/>\n<meta property=\"og:locale\" content=\"hu_HU\" \/>\n<meta property=\"og:type\" content=\"article\" \/>\n<meta property=\"og:title\" content=\"T\u00e1rsadalmi felel\u0151ss\u00e9gv\u00e1llal\u00e1s - Masterplast\" \/>\n<meta property=\"og:description\" content=\"Az egy\u00fcttm\u0171k\u00f6d\u00e9st folytatjuk, k\u00f6sz\u00f6nj\u00fck partnereink t\u00e1mogat\u00e1s\u00e1t!\" \/>\n<meta property=\"og:url\" content=\"https:\/\/masterplastsrlro-legacy.fps2.hu\/hu\/tarsadalmi-felelossegvallalas\/\" \/>\n<meta property=\"og:site_name\" content=\"Masterplast\" \/>\n<meta property=\"article:modified_time\" content=\"2019-04-01T12:24:16+00:00\" \/>\n<meta property=\"og:image\" content=\"https:\/\/www.masterplastsrl.ro\/wp-content\/uploads\/2019\/02\/mgya-head-2200x1400.jpg\" \/>\n\t<meta property=\"og:image:width\" content=\"2200\" \/>\n\t<meta property=\"og:image:height\" content=\"1400\" \/>\n<meta name=\"twitter:card\" content=\"summary_large_image\" \/>\n<meta name=\"twitter:label1\" content=\"Becs\u00fclt olvas\u00e1si id\u0151\" \/>\n\t<meta name=\"twitter:data1\" content=\"3 perc\" \/>\n<script type=\"application\/ld+json\" class=\"yoast-schema-graph\">{\"@context\":\"https:\/\/schema.org\",\"@graph\":[{\"@type\":\"WebSite\",\"@id\":\"https:\/\/masterplastsrlro-legacy.fps2.hu\/#website\",\"url\":\"https:\/\/masterplastsrlro-legacy.fps2.hu\/\",\"name\":\"Masterplast\",\"description\":\"\\u00dczleti szolg\\u00e1ltat\\u00f3 partner a szigetel\\u00e9si megold\\u00e1sokban\",\"potentialAction\":[{\"@type\":\"SearchAction\",\"target\":\"https:\/\/masterplastsrlro-legacy.fps2.hu\/?s={search_term_string}\",\"query-input\":\"required name=search_term_string\"}],\"inLanguage\":\"hu\"},{\"@type\":\"ImageObject\",\"@id\":\"https:\/\/masterplastsrlro-legacy.fps2.hu\/hu\/tarsadalmi-felelossegvallalas\/#primaryimage\",\"inLanguage\":\"hu\",\"url\":\"https:\/\/masterplastsrlro-legacy.fps2.hu\/wp-content\/uploads\/2019\/02\/mgya-head-2200x1400.jpg\",\"contentUrl\":\"https:\/\/masterplastsrlro-legacy.fps2.hu\/wp-content\/uploads\/2019\/02\/mgya-head-2200x1400.jpg\",\"width\":2200,\"height\":1400},{\"@type\":\"WebPage\",\"@id\":\"https:\/\/masterplastsrlro-legacy.fps2.hu\/hu\/tarsadalmi-felelossegvallalas\/#webpage\",\"url\":\"https:\/\/masterplastsrlro-legacy.fps2.hu\/hu\/tarsadalmi-felelossegvallalas\/\",\"name\":\"T\\u00e1rsadalmi felel\\u0151ss\\u00e9gv\\u00e1llal\\u00e1s - Masterplast\",\"isPartOf\":{\"@id\":\"https:\/\/masterplastsrlro-legacy.fps2.hu\/#website\"},\"primaryImageOfPage\":{\"@id\":\"https:\/\/masterplastsrlro-legacy.fps2.hu\/hu\/tarsadalmi-felelossegvallalas\/#primaryimage\"},\"datePublished\":\"2019-02-13T09:28:29+00:00\",\"dateModified\":\"2019-04-01T12:24:16+00:00\",\"breadcrumb\":{\"@id\":\"https:\/\/masterplastsrlro-legacy.fps2.hu\/hu\/tarsadalmi-felelossegvallalas\/#breadcrumb\"},\"inLanguage\":\"hu\",\"potentialAction\":[{\"@type\":\"ReadAction\",\"target\":[\"https:\/\/masterplastsrlro-legacy.fps2.hu\/hu\/tarsadalmi-felelossegvallalas\/\"]}]},{\"@type\":\"BreadcrumbList\",\"@id\":\"https:\/\/masterplastsrlro-legacy.fps2.hu\/hu\/tarsadalmi-felelossegvallalas\/#breadcrumb\",\"itemListElement\":[{\"@type\":\"ListItem\",\"position\":1,\"item\":{\"@type\":\"WebPage\",\"@id\":\"https:\/\/masterplastsrlro-legacy.fps2.hu\/hu\/\",\"url\":\"https:\/\/masterplastsrlro-legacy.fps2.hu\/hu\/\",\"name\":\"Home\"}},{\"@type\":\"ListItem\",\"position\":2,\"item\":{\"@id\":\"https:\/\/masterplastsrlro-legacy.fps2.hu\/hu\/tarsadalmi-felelossegvallalas\/#webpage\"}}]}]}<\/script>\n<!-- \/ Yoast SEO plugin. -->","_links":{"self":[{"href":"https:\/\/masterplastsrlro-legacy.fps2.hu\/hu\/wp-json\/wp\/v2\/pages\/5184"}],"collection":[{"href":"https:\/\/masterplastsrlro-legacy.fps2.hu\/hu\/wp-json\/wp\/v2\/pages"}],"about":[{"href":"https:\/\/masterplastsrlro-legacy.fps2.hu\/hu\/wp-json\/wp\/v2\/types\/page"}],"author":[{"embeddable":true,"href":"https:\/\/masterplastsrlro-legacy.fps2.hu\/hu\/wp-json\/wp\/v2\/users\/3"}],"replies":[{"embeddable":true,"href":"https:\/\/masterplastsrlro-legacy.fps2.hu\/hu\/wp-json\/wp\/v2\/comments?post=5184"}],"version-history":[{"count":1,"href":"https:\/\/masterplastsrlro-legacy.fps2.hu\/hu\/wp-json\/wp\/v2\/pages\/5184\/revisions"}],"predecessor-version":[{"id":7090,"href":"https:\/\/masterplastsrlro-legacy.fps2.hu\/hu\/wp-json\/wp\/v2\/pages\/5184\/revisions\/7090"}],"wp:featuredmedia":[{"embeddable":true,"href":"https:\/\/masterplastsrlro-legacy.fps2.hu\/hu\/wp-json\/wp\/v2\/media\/5233"}],"wp:attachment":[{"href":"https:\/\/masterplastsrlro-legacy.fps2.hu\/hu\/wp-json\/wp\/v2\/media?parent=5184"}],"curies":[{"name":"wp","href":"https:\/\/api.w.org\/{rel}","templated":true}]}}