{"id":605,"date":"2018-11-19T14:12:21","date_gmt":"2018-11-19T14:12:21","guid":{"rendered":"http:\/\/masterplast.beigli.fps2.hu\/?page_id=605"},"modified":"2019-04-01T10:27:34","modified_gmt":"2019-04-01T10:27:34","slug":"szolgaltatasaink","status":"publish","type":"page","link":"https:\/\/masterplastsrlro-legacy.fps2.hu\/hu\/szolgaltatasaink\/","title":{"rendered":"Szolg\u00e1ltat\u00e1saink"},"content":{"rendered":"<h2>Partnereink \u00fczlet\u00e9nek szolg\u00e1lat\u00e1ban<\/h2>\n<p>\u00dczleti filoz\u00f3fi\u00e1nk a folyamatos fejleszt\u00e9s, a vev\u0151k\u00f6zpont\u00fa szeml\u00e9let \u00e9s a gondosan \u00e1polt partnerkapcsolatok harmonikus egys\u00e9ge.<\/p>\n<h2>Mit k\u00edn\u00e1lunk partnereinknek?<\/h2>\n<p>A t\u00f6bb mint 20 \u00e9ves m\u00faltra visszatekint\u0151 Masterplast \u00e9rt\u00e9keit \u00e9s hagyom\u00e1nyait folytatva hossz\u00fat\u00e1von seg\u00edti partnereit a sikeresebb \u00fczleti m\u0171k\u00f6d\u00e9shez, melynek alapja az \u00e1lland\u00f3 min\u0151s\u00e9g biztos\u00edt\u00e1sa a teljes term\u00e9kszortimentben \u00e9s szolg\u00e1ltat\u00e1si csomagban.<\/p>\n<h2>Sz\u00e9les term\u00e9kv\u00e1laszt\u00e9k<\/h2>\n<p>5 term\u00e9kkateg\u00f3ri\u00e1ban, 25 term\u00e9kcsoportban 2000 term\u00e9ket k\u00edn\u00e1lunk. K\u00edn\u00e1latunkat a j\u00f3 \u00e1r\/\u00e9rt\u00e9k ar\u00e1ny, az \u00e1lland\u00f3 min\u0151s\u00e9g, \u00e9s a k\u00f6nny\u0171 \u00e9rt\u00e9kes\u00edthet\u0151s\u00e9g jellemzi. Saj\u00e1t m\u00e1rk\u00e1s term\u00e9keink j\u00f3 ismerts\u00e9gnek \u00f6rvendenek a hazai \u00e9p\u00edt\u0151anyag piacon \u00e9s a professzion\u00e1lis felhaszn\u00e1l\u00f3k t\u00e1bor\u00e1ban is egyre nagyobb n\u00e9pszer\u0171s\u00e9gre tesznek szert.<\/p>\n<h2>Rugalmas logisztikai megold\u00e1sok<\/h2>\n<p>Elk\u00f6telezett g\u00e9pkocsivezet\u0151 csapatunk tagjait m\u00e1r j\u00f3l ismerik partnereink, akik a fuvarszervez\u00e9ssel, k\u00e9szletgazd\u00e1lkod\u00e1ssal \u00e9s rakt\u00e1roz\u00e1ssal k\u00f6z\u00f6s munk\u00e1juk sor\u00e1n ezer \u00e9s ezer alkalommal bizony\u00edtott\u00e1k m\u00e1r: a Masterplast logisztika t\u00f6bb, mint sz\u00e1ll\u00edt\u00e1s. B\u00fcszk\u00e9k vagyunk r\u00e1, hogy t\u00f6bb mint 20 \u00e9v kitart\u00f3 munk\u00e1j\u00e1val a Masterplast logisztikai szolg\u00e1ltat\u00e1sai komoly elismerts\u00e9get v\u00edvtak ki maguknak partnereink szem\u00e9ben. Rugalmas sz\u00e1ll\u00edt\u00e1si megold\u00e1sokkal \u00e9s a term\u00e9kek azonnali rendelkez\u00e9sre \u00e1ll\u00e1s\u00e1val partnereinket a gyorsabb k\u00e9szletforg\u00e1s \u00e9s optim\u00e1lis k\u00e9szletszintek el\u00e9r\u00e9s\u00e9hez seg\u00edtj\u00fck.<\/p>\n<h2>Gy\u00e1rt\u00f3i h\u00e1tt\u00e9r<\/h2>\n<p>A Masterplast Hung\u00e1ria Kft. m\u00e1ra d\u00f6nt\u0151en a Masterplast Csoport saj\u00e1t gy\u00e1rt\u00f3 \u00fczemeib\u0151l fedezi term\u00e9kh\u00e1tter\u00e9t, biztos\u00edtva az \u00e1lland\u00f3 min\u0151s\u00e9get \u00e9s stabil ell\u00e1t\u00e1st partnerei sz\u00e1m\u00e1ra. CE jeles, min\u0151s\u00edtett term\u00e9keink az eur\u00f3pai min\u0151s\u00e9gi k\u00f6vetelm\u00e9nyeknek mindenben megfelelnek. <br \/><a href=\"\/cegunkrol\/gyartas\/\">Tudjon meg t\u00f6bbet gy\u00e1rt\u00e1sunkr\u00f3l!<\/a><\/p>\n<h2>Szem\u00e9lyre szabott \u00e9rt\u00e9kes\u00edt\u00e9si rendszer<\/h2>\n<p>Tapasztalt \u00e9rt\u00e9kes\u00edt\u00e9si csapatunk, orsz\u00e1gos lefedetts\u00e9ggel van jelen a piacon. Min\u0151s\u00e9gi szem\u00e9lyes kapcsolatok ment\u00e9n t\u00e1mogatjuk partnereinket a h\u00e9tk\u00f6znapok \u00fczleti \u00e9s szakmai kih\u00edv\u00e1saiban. K\u00e9pvisel\u0151inket folyamatos k\u00e9pz\u00e9sekkel fejlesztj\u00fck, akik sz\u00e9les k\u00f6r\u0171 piaci ismeretekkel rendelkezve val\u00f3di szak\u00e9rt\u0151i seg\u00edts\u00e9get ny\u00fajtanak partnereinknek. Hossz\u00fat\u00e1von sikeres partnerkapcsolataink napi m\u0171k\u00f6d\u00e9s\u00e9hez seg\u00edt\u0151k\u00e9sz vev\u0151szolg\u00e1lati csapatunk rugalmass\u00e1ggal \u00e9s gyorsas\u00e1ggal j\u00e1rul hozz\u00e1.<\/p>\n\n","protected":false},"excerpt":{"rendered":"<p>Partnereink \u00fczlet\u00e9nek szolg\u00e1lat\u00e1ban \u00dczleti filoz\u00f3fi\u00e1nk a folyamatos fejleszt\u00e9s, a vev\u0151k\u00f6zpont\u00fa szeml\u00e9let \u00e9s a gondosan \u00e1polt partnerkapcsolatok harmonikus egys\u00e9ge. Mit k\u00edn\u00e1lunk partnereinknek? A t\u00f6bb mint 20 \u00e9ves m\u00faltra visszatekint\u0151 Masterplast \u00e9rt\u00e9keit \u00e9s hagyom\u00e1nyait folytatva hossz\u00fat\u00e1von seg\u00edti partnereit a sikeresebb \u00fczleti m\u0171k\u00f6d\u00e9shez, melynek alapja az \u00e1lland\u00f3 min\u0151s\u00e9g biztos\u00edt\u00e1sa a teljes term\u00e9kszortimentben \u00e9s szolg\u00e1ltat\u00e1si csomagban. Sz\u00e9les term\u00e9kv\u00e1laszt\u00e9k 5 [&hellip;]<\/p>\n","protected":false},"author":1,"featured_media":5572,"parent":0,"menu_order":0,"comment_status":"closed","ping_status":"closed","template":"","meta":[],"yoast_head":"<!-- This site is optimized with the Yoast SEO plugin v16.4 - https:\/\/yoast.com\/wordpress\/plugins\/seo\/ -->\n<title>Szolg\u00e1ltat\u00e1saink - Masterplast<\/title>\n<meta name=\"robots\" content=\"index, follow, max-snippet:-1, max-image-preview:large, max-video-preview:-1\" \/>\n<link rel=\"canonical\" href=\"https:\/\/masterplastsrlro-legacy.fps2.hu\/hu\/szolgaltatasaink\/\" \/>\n<meta property=\"og:locale\" content=\"hu_HU\" \/>\n<meta property=\"og:type\" content=\"article\" \/>\n<meta property=\"og:title\" content=\"Szolg\u00e1ltat\u00e1saink - Masterplast\" \/>\n<meta property=\"og:description\" content=\"Partnereink \u00fczlet\u00e9nek szolg\u00e1lat\u00e1ban \u00dczleti filoz\u00f3fi\u00e1nk a folyamatos fejleszt\u00e9s, a vev\u0151k\u00f6zpont\u00fa szeml\u00e9let \u00e9s a gondosan \u00e1polt partnerkapcsolatok harmonikus egys\u00e9ge. Mit k\u00edn\u00e1lunk partnereinknek? A t\u00f6bb mint 20 \u00e9ves m\u00faltra visszatekint\u0151 Masterplast \u00e9rt\u00e9keit \u00e9s hagyom\u00e1nyait folytatva hossz\u00fat\u00e1von seg\u00edti partnereit a sikeresebb \u00fczleti m\u0171k\u00f6d\u00e9shez, melynek alapja az \u00e1lland\u00f3 min\u0151s\u00e9g biztos\u00edt\u00e1sa a teljes term\u00e9kszortimentben \u00e9s szolg\u00e1ltat\u00e1si csomagban. Sz\u00e9les term\u00e9kv\u00e1laszt\u00e9k 5 [&hellip;]\" \/>\n<meta property=\"og:url\" content=\"https:\/\/masterplastsrlro-legacy.fps2.hu\/hu\/szolgaltatasaink\/\" \/>\n<meta property=\"og:site_name\" content=\"Masterplast\" \/>\n<meta property=\"article:modified_time\" content=\"2019-04-01T10:27:34+00:00\" \/>\n<meta property=\"og:image\" content=\"https:\/\/www.masterplastsrl.ro\/wp-content\/uploads\/2019\/02\/szolgaltatasok-2200x1400.jpg\" \/>\n\t<meta property=\"og:image:width\" content=\"2200\" \/>\n\t<meta property=\"og:image:height\" content=\"1400\" \/>\n<meta name=\"twitter:card\" content=\"summary_large_image\" \/>\n<meta name=\"twitter:label1\" content=\"Becs\u00fclt olvas\u00e1si id\u0151\" \/>\n\t<meta name=\"twitter:data1\" content=\"2 perc\" \/>\n<script type=\"application\/ld+json\" class=\"yoast-schema-graph\">{\"@context\":\"https:\/\/schema.org\",\"@graph\":[{\"@type\":\"WebSite\",\"@id\":\"https:\/\/masterplastsrlro-legacy.fps2.hu\/#website\",\"url\":\"https:\/\/masterplastsrlro-legacy.fps2.hu\/\",\"name\":\"Masterplast\",\"description\":\"\\u00dczleti szolg\\u00e1ltat\\u00f3 partner a szigetel\\u00e9si megold\\u00e1sokban\",\"potentialAction\":[{\"@type\":\"SearchAction\",\"target\":\"https:\/\/masterplastsrlro-legacy.fps2.hu\/?s={search_term_string}\",\"query-input\":\"required name=search_term_string\"}],\"inLanguage\":\"hu\"},{\"@type\":\"ImageObject\",\"@id\":\"https:\/\/masterplastsrlro-legacy.fps2.hu\/hu\/szolgaltatasaink\/#primaryimage\",\"inLanguage\":\"hu\",\"url\":\"https:\/\/masterplastsrlro-legacy.fps2.hu\/wp-content\/uploads\/2019\/02\/szolgaltatasok-2200x1400.jpg\",\"contentUrl\":\"https:\/\/masterplastsrlro-legacy.fps2.hu\/wp-content\/uploads\/2019\/02\/szolgaltatasok-2200x1400.jpg\",\"width\":2200,\"height\":1400},{\"@type\":\"WebPage\",\"@id\":\"https:\/\/masterplastsrlro-legacy.fps2.hu\/hu\/szolgaltatasaink\/#webpage\",\"url\":\"https:\/\/masterplastsrlro-legacy.fps2.hu\/hu\/szolgaltatasaink\/\",\"name\":\"Szolg\\u00e1ltat\\u00e1saink - Masterplast\",\"isPartOf\":{\"@id\":\"https:\/\/masterplastsrlro-legacy.fps2.hu\/#website\"},\"primaryImageOfPage\":{\"@id\":\"https:\/\/masterplastsrlro-legacy.fps2.hu\/hu\/szolgaltatasaink\/#primaryimage\"},\"datePublished\":\"2018-11-19T14:12:21+00:00\",\"dateModified\":\"2019-04-01T10:27:34+00:00\",\"breadcrumb\":{\"@id\":\"https:\/\/masterplastsrlro-legacy.fps2.hu\/hu\/szolgaltatasaink\/#breadcrumb\"},\"inLanguage\":\"hu\",\"potentialAction\":[{\"@type\":\"ReadAction\",\"target\":[\"https:\/\/masterplastsrlro-legacy.fps2.hu\/hu\/szolgaltatasaink\/\"]}]},{\"@type\":\"BreadcrumbList\",\"@id\":\"https:\/\/masterplastsrlro-legacy.fps2.hu\/hu\/szolgaltatasaink\/#breadcrumb\",\"itemListElement\":[{\"@type\":\"ListItem\",\"position\":1,\"item\":{\"@type\":\"WebPage\",\"@id\":\"https:\/\/masterplastsrlro-legacy.fps2.hu\/hu\/\",\"url\":\"https:\/\/masterplastsrlro-legacy.fps2.hu\/hu\/\",\"name\":\"Home\"}},{\"@type\":\"ListItem\",\"position\":2,\"item\":{\"@id\":\"https:\/\/masterplastsrlro-legacy.fps2.hu\/hu\/szolgaltatasaink\/#webpage\"}}]}]}<\/script>\n<!-- \/ Yoast SEO plugin. -->","_links":{"self":[{"href":"https:\/\/masterplastsrlro-legacy.fps2.hu\/hu\/wp-json\/wp\/v2\/pages\/605"}],"collection":[{"href":"https:\/\/masterplastsrlro-legacy.fps2.hu\/hu\/wp-json\/wp\/v2\/pages"}],"about":[{"href":"https:\/\/masterplastsrlro-legacy.fps2.hu\/hu\/wp-json\/wp\/v2\/types\/page"}],"author":[{"embeddable":true,"href":"https:\/\/masterplastsrlro-legacy.fps2.hu\/hu\/wp-json\/wp\/v2\/users\/1"}],"replies":[{"embeddable":true,"href":"https:\/\/masterplastsrlro-legacy.fps2.hu\/hu\/wp-json\/wp\/v2\/comments?post=605"}],"version-history":[{"count":1,"href":"https:\/\/masterplastsrlro-legacy.fps2.hu\/hu\/wp-json\/wp\/v2\/pages\/605\/revisions"}],"predecessor-version":[{"id":7089,"href":"https:\/\/masterplastsrlro-legacy.fps2.hu\/hu\/wp-json\/wp\/v2\/pages\/605\/revisions\/7089"}],"wp:featuredmedia":[{"embeddable":true,"href":"https:\/\/masterplastsrlro-legacy.fps2.hu\/hu\/wp-json\/wp\/v2\/media\/5572"}],"wp:attachment":[{"href":"https:\/\/masterplastsrlro-legacy.fps2.hu\/hu\/wp-json\/wp\/v2\/media?parent=605"}],"curies":[{"name":"wp","href":"https:\/\/api.w.org\/{rel}","templated":true}]}}