{"id":91,"date":"2018-08-22T13:26:17","date_gmt":"2018-08-22T13:26:17","guid":{"rendered":"http:\/\/masterplast.sjozsef.fps2.hu\/?page_id=91"},"modified":"2019-02-25T12:00:17","modified_gmt":"2019-02-25T12:00:17","slug":"regionalis-ertekesites","status":"publish","type":"page","link":"https:\/\/masterplastsrlro-legacy.fps2.hu\/hu\/regionalis-ertekesites\/","title":{"rendered":"Region\u00e1lis \u00e9rt\u00e9kes\u00edt\u00e9s"},"content":{"rendered":"","protected":false},"excerpt":{"rendered":"","protected":false},"author":1,"featured_media":0,"parent":0,"menu_order":0,"comment_status":"closed","ping_status":"closed","template":"template-contact-representative.php","meta":[],"yoast_head":"<!-- This site is optimized with the Yoast SEO plugin v16.4 - https:\/\/yoast.com\/wordpress\/plugins\/seo\/ -->\n<title>Region\u00e1lis \u00e9rt\u00e9kes\u00edt\u00e9s - Masterplast<\/title>\n<meta name=\"robots\" content=\"index, follow, max-snippet:-1, max-image-preview:large, max-video-preview:-1\" \/>\n<link rel=\"canonical\" href=\"https:\/\/masterplastsrlro-legacy.fps2.hu\/hu\/regionalis-ertekesites\/\" \/>\n<meta property=\"og:locale\" content=\"hu_HU\" \/>\n<meta property=\"og:type\" content=\"article\" \/>\n<meta property=\"og:title\" content=\"Region\u00e1lis \u00e9rt\u00e9kes\u00edt\u00e9s - Masterplast\" \/>\n<meta property=\"og:url\" content=\"https:\/\/masterplastsrlro-legacy.fps2.hu\/hu\/regionalis-ertekesites\/\" \/>\n<meta property=\"og:site_name\" content=\"Masterplast\" \/>\n<meta property=\"article:modified_time\" content=\"2019-02-25T12:00:17+00:00\" \/>\n<meta property=\"og:image\" content=\"https:\/\/masterplastsrlro-legacy.fps2.hu\/wp-content\/uploads\/2021\/11\/masterplastsrl-share.png\" \/>\n\t<meta property=\"og:image:width\" content=\"1800\" \/>\n\t<meta property=\"og:image:height\" content=\"1800\" \/>\n<meta name=\"twitter:card\" content=\"summary_large_image\" \/>\n<script type=\"application\/ld+json\" class=\"yoast-schema-graph\">{\"@context\":\"https:\/\/schema.org\",\"@graph\":[{\"@type\":\"WebSite\",\"@id\":\"https:\/\/masterplastsrlro-legacy.fps2.hu\/#website\",\"url\":\"https:\/\/masterplastsrlro-legacy.fps2.hu\/\",\"name\":\"Masterplast\",\"description\":\"\\u00dczleti szolg\\u00e1ltat\\u00f3 partner a szigetel\\u00e9si megold\\u00e1sokban\",\"potentialAction\":[{\"@type\":\"SearchAction\",\"target\":\"https:\/\/masterplastsrlro-legacy.fps2.hu\/?s={search_term_string}\",\"query-input\":\"required name=search_term_string\"}],\"inLanguage\":\"hu\"},{\"@type\":\"WebPage\",\"@id\":\"https:\/\/masterplastsrlro-legacy.fps2.hu\/hu\/regionalis-ertekesites\/#webpage\",\"url\":\"https:\/\/masterplastsrlro-legacy.fps2.hu\/hu\/regionalis-ertekesites\/\",\"name\":\"Region\\u00e1lis \\u00e9rt\\u00e9kes\\u00edt\\u00e9s - Masterplast\",\"isPartOf\":{\"@id\":\"https:\/\/masterplastsrlro-legacy.fps2.hu\/#website\"},\"datePublished\":\"2018-08-22T13:26:17+00:00\",\"dateModified\":\"2019-02-25T12:00:17+00:00\",\"breadcrumb\":{\"@id\":\"https:\/\/masterplastsrlro-legacy.fps2.hu\/hu\/regionalis-ertekesites\/#breadcrumb\"},\"inLanguage\":\"hu\",\"potentialAction\":[{\"@type\":\"ReadAction\",\"target\":[\"https:\/\/masterplastsrlro-legacy.fps2.hu\/hu\/regionalis-ertekesites\/\"]}]},{\"@type\":\"BreadcrumbList\",\"@id\":\"https:\/\/masterplastsrlro-legacy.fps2.hu\/hu\/regionalis-ertekesites\/#breadcrumb\",\"itemListElement\":[{\"@type\":\"ListItem\",\"position\":1,\"item\":{\"@type\":\"WebPage\",\"@id\":\"https:\/\/masterplastsrlro-legacy.fps2.hu\/hu\/\",\"url\":\"https:\/\/masterplastsrlro-legacy.fps2.hu\/hu\/\",\"name\":\"Home\"}},{\"@type\":\"ListItem\",\"position\":2,\"item\":{\"@id\":\"https:\/\/masterplastsrlro-legacy.fps2.hu\/hu\/regionalis-ertekesites\/#webpage\"}}]}]}<\/script>\n<!-- \/ Yoast SEO plugin. -->","_links":{"self":[{"href":"https:\/\/masterplastsrlro-legacy.fps2.hu\/hu\/wp-json\/wp\/v2\/pages\/91"}],"collection":[{"href":"https:\/\/masterplastsrlro-legacy.fps2.hu\/hu\/wp-json\/wp\/v2\/pages"}],"about":[{"href":"https:\/\/masterplastsrlro-legacy.fps2.hu\/hu\/wp-json\/wp\/v2\/types\/page"}],"author":[{"embeddable":true,"href":"https:\/\/masterplastsrlro-legacy.fps2.hu\/hu\/wp-json\/wp\/v2\/users\/1"}],"replies":[{"embeddable":true,"href":"https:\/\/masterplastsrlro-legacy.fps2.hu\/hu\/wp-json\/wp\/v2\/comments?post=91"}],"version-history":[{"count":1,"href":"https:\/\/masterplastsrlro-legacy.fps2.hu\/hu\/wp-json\/wp\/v2\/pages\/91\/revisions"}],"predecessor-version":[{"id":6398,"href":"https:\/\/masterplastsrlro-legacy.fps2.hu\/hu\/wp-json\/wp\/v2\/pages\/91\/revisions\/6398"}],"wp:attachment":[{"href":"https:\/\/masterplastsrlro-legacy.fps2.hu\/hu\/wp-json\/wp\/v2\/media?parent=91"}],"curies":[{"name":"wp","href":"https:\/\/api.w.org\/{rel}","templated":true}]}}